



{"id":4390,"date":"2021-08-06T13:23:56","date_gmt":"2021-08-06T11:23:56","guid":{"rendered":"http:\/\/www.medaid-h2020.eu\/?page_id=4390"},"modified":"2021-10-15T13:04:22","modified_gmt":"2021-10-15T11:04:22","slug":"final-event","status":"publish","type":"page","link":"http:\/\/www.medaid-h2020.eu\/index.php\/final-event\/","title":{"rendered":"Final Event of MedAID Project"},"content":{"rendered":"<h4 style=\"text-align: left;\"><img loading=\"lazy\" class=\"aligncenter size-full wp-image-4414\" src=\"http:\/\/www.medaid-h2020.eu\/wp-content\/uploads\/2021\/08\/MedAID-Final-event-1.png\" alt=\"\" width=\"1920\" height=\"960\" srcset=\"http:\/\/www.medaid-h2020.eu\/wp-content\/uploads\/2021\/08\/MedAID-Final-event-1.png 1920w, http:\/\/www.medaid-h2020.eu\/wp-content\/uploads\/2021\/08\/MedAID-Final-event-1-300x150.png 300w, http:\/\/www.medaid-h2020.eu\/wp-content\/uploads\/2021\/08\/MedAID-Final-event-1-1024x512.png 1024w, http:\/\/www.medaid-h2020.eu\/wp-content\/uploads\/2021\/08\/MedAID-Final-event-1-768x384.png 768w, http:\/\/www.medaid-h2020.eu\/wp-content\/uploads\/2021\/08\/MedAID-Final-event-1-1536x768.png 1536w\" sizes=\"(max-width: 1920px) 100vw, 1920px\" \/><\/h4>\n<h4 style=\"text-align: left;\"><span style=\"color: #000080;\"><strong>This event was organized by MedAID Project, with the collaboration of its sister Project PerformFish, and as a side event during the EAS Conference Aquaculture Europe 2021 (Funchal, Madeira, 4-7 October 2021)<\/strong><\/span><\/h4>\n<h4 style=\"text-align: left;\"><span style=\"color: #000080;\"><strong>Below you will find the programme of the event and access to all the presentations (pdf) and recordings.<\/strong><\/span><\/h4>\n<h4>\u00a0<\/h4>\n<h4 style=\"text-align: left;\"><span style=\"color: #00affe;\"><strong>Morning session &#8211; Improving markets, economic performance and governance<\/strong><\/span><\/h4>\n<table width=\"0\">\n<tbody>\n<tr>\n<td width=\"57\">10:30<\/td>\n<td width=\"388\"><strong>Welcome. Introduction of MedAID &amp; PerformFish Projects<br \/><\/strong><a href=\"https:\/\/youtu.be\/B0_gBsQi6ps?t=22\" target=\"_blank\" rel=\"noopener\">Link to video<\/a><\/td>\n<td width=\"293\">Bernardo Basurco, Dolors Furones (MedAID coordinators), Marisol Izquierdo (PerformFish) and Germ\u00e1n Valcarcel (REA\u2013European Commission)<\/td>\n<\/tr>\n<tr>\n<td width=\"57\">10:40<\/td>\n<td width=\"388\"><strong>MedAID Tool Box<br \/><\/strong><a href=\"https:\/\/drive.google.com\/file\/d\/12y7lMpYD0kAw0wk53USWq5nZh3GUawMo\/view?usp=sharing\" target=\"_blank\" rel=\"noopener\">Presentation<\/a> \/ <a href=\"https:\/\/youtu.be\/B0_gBsQi6ps?t=1387\" target=\"_blank\" rel=\"noopener\">Link to video<\/a><strong><br \/><\/strong><\/td>\n<td width=\"293\">Crist\u00f3bal Aguilera (IRTA) and Bernardo Basurco (CIHEAM Zaragoza)<\/td>\n<\/tr>\n<tr>\n<td width=\"57\">10:55<\/td>\n<td width=\"388\"><strong>Product development, market and consumer assessment (Summary of results and outputs from MedAID WP5)<br \/><\/strong><a href=\"https:\/\/drive.google.com\/file\/d\/1oxF9vgjereqT7c9kAlRYMKfbWBMEbYgc\/view?usp=sharing\" target=\"_blank\" rel=\"noopener\">Presentation<\/a> \/ <a href=\"https:\/\/youtu.be\/B0_gBsQi6ps?t=1970\" target=\"_blank\" rel=\"noopener\">Link to video<\/a><strong><br \/><\/strong><\/td>\n<td width=\"293\">Irene Peral (AZTI)<\/td>\n<\/tr>\n<tr>\n<td width=\"57\">\u00a0<\/td>\n<td width=\"388\"><strong>Flash presentations<\/strong><\/td>\n<td width=\"293\">\u00a0<\/td>\n<\/tr>\n<tr>\n<td width=\"57\">\u00a0<\/td>\n<td width=\"388\"><em>Aquaculture seafood products innovations in MedAID project<br \/><a href=\"https:\/\/drive.google.com\/file\/d\/1wLwBxUxah-X-QYN9Np1UmCIiyMX8csgS\/view?usp=sharing\" target=\"_blank\" rel=\"noopener\">Presentation<\/a> \/ <a href=\"https:\/\/youtu.be\/B0_gBsQi6ps?t=2494\" target=\"_blank\" rel=\"noopener\">Link to video<\/a><br \/><\/em><\/td>\n<td width=\"293\"><em>Raquel Llorente (AZTI)<\/em><\/td>\n<\/tr>\n<tr>\n<td width=\"57\">\u00a0<\/td>\n<td width=\"388\"><em>Which is the best packaging for fish products? Designed by consumers and validated through neuroscience<br \/><a href=\"https:\/\/drive.google.com\/file\/d\/1siwp_Vqowc0wbTqy5yP0WZ-j0UpbztLd\/view?usp=sharing\" target=\"_blank\" rel=\"noopener\">Presentation<\/a> \/ <a href=\"https:\/\/youtu.be\/B0_gBsQi6ps?t=2993\" target=\"_blank\" rel=\"noopener\">Link to video<\/a><br \/><\/em><\/td>\n<td width=\"293\"><em>Laura L\u00f3pez-Mas and Alejandra Berm\u00fadez (IRTA)<\/em><\/td>\n<\/tr>\n<tr>\n<td width=\"57\">11:20<\/td>\n<td width=\"388\"><strong>Reinforcing the marketing of European seabass and seabream products. Consumer perception studies in six European markets (Summary of results and outputs from PerformFish WP5)<br \/><\/strong><a href=\"https:\/\/drive.google.com\/file\/d\/1Cve7mIba1KnXVtXMRrRCis5avvWTCV9R\/view?usp=sharing\" target=\"_blank\" rel=\"noopener\">Presentation<\/a> \/ <a href=\"https:\/\/youtu.be\/B0_gBsQi6ps?t=3506\" target=\"_blank\" rel=\"noopener\">Link to video<\/a><\/td>\n<td width=\"293\">Ekaterina Tribilustova (EUROFISH)<\/td>\n<\/tr>\n<tr>\n<td width=\"57\">11:40<\/td>\n<td width=\"388\"><strong>Improving business performance and development of strategic marketing plans (Summary of results and outputs from MedAID WP6)<br \/><\/strong><a href=\"https:\/\/youtu.be\/B0_gBsQi6ps?t=4539\" target=\"_blank\" rel=\"noopener\">Link to video<\/a><strong><br \/><\/strong><\/td>\n<td width=\"293\">Jos\u00e9 Fern\u00e1ndez Polanco (U. Cantabria)<\/td>\n<\/tr>\n<tr>\n<td width=\"57\">\u00a0<\/td>\n<td width=\"388\"><strong>Flash presentations<\/strong><\/td>\n<td width=\"293\">\u00a0<\/td>\n<\/tr>\n<tr>\n<td width=\"57\">\u00a0<\/td>\n<td width=\"388\"><em>Production optimization in aquaculture based on data and AI techniques<\/em><br \/><a href=\"https:\/\/drive.google.com\/file\/d\/1YkE4TyLo0SWPsfjCVGI2xHCD0_nAXvsA\/view?usp=sharing\" target=\"_blank\" rel=\"noopener\">Presentation<\/a> \/ <a href=\"https:\/\/youtu.be\/B0_gBsQi6ps?t=5395\" target=\"_blank\" rel=\"noopener\">Link to video<\/a><\/td>\n<td width=\"293\"><em>Manuel Luna (U. Cantabria)<\/em><\/td>\n<\/tr>\n<tr>\n<td width=\"57\">\u00a0<\/td>\n<td width=\"388\"><em>What operational factors are more important economically in the Mediterranean seabass and seabream farming?<br \/><a href=\"https:\/\/drive.google.com\/file\/d\/1nNfdW6GZvMkJYQub0pWXsrhIuNL1eiwt\/view?usp=sharing\" target=\"_blank\" rel=\"noopener\">Presentation<\/a> \/ <a href=\"https:\/\/youtu.be\/B0_gBsQi6ps?t=5768\" target=\"_blank\" rel=\"noopener\">Link to video<\/a><br \/><\/em><\/td>\n<td width=\"293\"><em>Jos\u00e9 Luis Fern\u00e1ndez S\u00e1nchez\u00a0 (U. Cantabria)<\/em><\/td>\n<\/tr>\n<tr>\n<td width=\"57\">12:05<\/td>\n<td width=\"388\"><strong>Social acceptability and governance of aquaculture development in the Mediterranean (Summary of results and outputs from MedAID WP7)<br \/><\/strong><a href=\"https:\/\/drive.google.com\/file\/d\/1zEorFTdfEK-VuHvR3OdZLCng8RCIFCAs\/view?usp=sharing\" target=\"_blank\" rel=\"noopener\">Presentation<\/a> \/ <a href=\"https:\/\/youtu.be\/B0_gBsQi6ps?t=6380\" target=\"_blank\" rel=\"noopener\">Link to video<\/a><strong><br \/><\/strong><\/td>\n<td width=\"293\">Jos\u00e9 P\u00e9rez (IFREMER)<\/td>\n<\/tr>\n<tr>\n<td width=\"57\">\u00a0<\/td>\n<td width=\"388\"><strong>Flash presentations<\/strong><\/td>\n<td width=\"293\">\u00a0<\/td>\n<\/tr>\n<tr>\n<td width=\"57\">\u00a0<\/td>\n<td width=\"388\"><em>The social acceptability of aquaculture addressed in the Mediterranean<br \/><a href=\"https:\/\/drive.google.com\/file\/d\/1w4FD8wwOrCjAoscr3j2lanFKNiLoD_X6\/view?usp=sharing\" target=\"_blank\" rel=\"noopener\">Presentation<\/a> \/ <a href=\"https:\/\/youtu.be\/B0_gBsQi6ps?t=7005\" target=\"_blank\" rel=\"noopener\">Link to video<\/a><br \/><\/em><\/td>\n<td width=\"293\"><em>Davide Fezzardi \/ Fabio Massa (FAO)<\/em><\/td>\n<\/tr>\n<tr>\n<td width=\"57\">\u00a0<\/td>\n<td width=\"388\"><em>Exploring social acceptability though fieldwork conducted in local case studies<br \/><a href=\"https:\/\/drive.google.com\/file\/d\/13QHzTecj9QlUqhleGQVnCeEPFkiY7tve\/view?usp=sharing\" target=\"_blank\" rel=\"noopener\">Presentation<\/a> \/ <a href=\"https:\/\/youtu.be\/B0_gBsQi6ps?t=7570\" target=\"_blank\" rel=\"noopener\">Link to video<\/a><br \/><\/em><\/td>\n<td width=\"293\"><em>Katia Frangoudes (U. Bretagne Occidentale)<\/em><\/td>\n<\/tr>\n<tr>\n<td width=\"57\">12:30<\/td>\n<td width=\"388\"><strong>New European guidelines for aquaculture<br \/><\/strong><a href=\"https:\/\/youtu.be\/B0_gBsQi6ps?t=8071\" target=\"_blank\" rel=\"noopener\">Link to video<\/a><strong><br \/><\/strong><\/td>\n<td width=\"293\">Lorella de la Cruz (DG Mare)<\/td>\n<\/tr>\n<tr>\n<td width=\"57\">12:40<\/td>\n<td width=\"388\"><strong>Discussion<br \/><\/strong><a href=\"https:\/\/youtu.be\/B0_gBsQi6ps?t=8382\" target=\"_blank\" rel=\"noopener\">Link to video<\/a><strong><br \/><\/strong><\/td>\n<td width=\"293\">\u00a0<\/td>\n<\/tr>\n<tr>\n<td width=\"57\">13:00<\/td>\n<td width=\"388\"><strong>Lunch break<\/strong><\/td>\n<td width=\"293\">\u00a0<\/td>\n<\/tr>\n<\/tbody>\n<\/table>\n<h4>\u00a0<\/h4>\n<h4><span style=\"color: #00affe;\"><strong>Afternoon session &#8211; Improvements on production and zootechnics<\/strong><\/span><\/h4>\n<table width=\"0\">\n<tbody>\n<tr>\n<td width=\"57\">15:30<\/td>\n<td width=\"388\"><strong>MedAID Dash Board<br \/><\/strong><a href=\"https:\/\/drive.google.com\/file\/d\/1Zih0zEDeRDdvCGhcV8vn7lKRdnGJWXMe\/view?usp=sharing\" target=\"_blank\" rel=\"noopener\">Presentation<\/a> \/ <a href=\"https:\/\/youtu.be\/938rjjWUIcU?t=44\" target=\"_blank\" rel=\"noopener\">Link to video<\/a><strong><br \/><\/strong><\/td>\n<td width=\"293\">Crist\u00f3bal Aguilera (IRTA)<\/td>\n<\/tr>\n<tr>\n<td width=\"57\">15:45<\/td>\n<td width=\"388\"><strong>Improving zootechnical performance (Summary of results and outputs from MedAID WP2)<br \/><\/strong><a href=\"https:\/\/drive.google.com\/file\/d\/1v2VzncYE7X4HEwQfy2G3r2d-2QxCmlrO\/view?usp=sharing\" target=\"_blank\" rel=\"noopener\">Presentation<\/a> \/ <a href=\"https:\/\/youtu.be\/938rjjWUIcU?t=1204\" target=\"_blank\" rel=\"noopener\">Link to video<\/a><strong><br \/><\/strong><\/td>\n<td width=\"293\">Alicia Est\u00e9vez (IRTA)<\/td>\n<\/tr>\n<tr>\n<td width=\"57\">\u00a0<\/td>\n<td width=\"388\"><strong>Flash presentations<\/strong><\/td>\n<td width=\"293\">\u00a0<\/td>\n<\/tr>\n<tr>\n<td width=\"57\">\u00a0<\/td>\n<td width=\"388\"><em>The temperature effects on larval growth, sex ratio and deformities<br \/><a href=\"https:\/\/drive.google.com\/file\/d\/1BQP4Fx46ZhM6P9YXronKrChVW-JpmvTW\/view?usp=sharing\" target=\"_blank\" rel=\"noopener\">Presentation<\/a> \/ <a href=\"https:\/\/youtu.be\/938rjjWUIcU?t=2179\" target=\"_blank\" rel=\"noopener\">Link to video<\/a><br \/><\/em><\/td>\n<td width=\"293\"><em>Constantinos Mylonas, Maria Papadaki and Elena Sarropoulou (HCMR)<\/em><\/td>\n<\/tr>\n<tr>\n<td width=\"57\">\u00a0<\/td>\n<td width=\"388\"><em>Optimal flow for seabream during land-based rearing and activity patterns in the sea cage<br \/><a href=\"https:\/\/drive.google.com\/file\/d\/1Boru3sV9Lp48cx61nr4PPyfnOG5nPZDR\/view?usp=sharing\" target=\"_blank\" rel=\"noopener\">Presentation<\/a> \/ <a href=\"https:\/\/youtu.be\/938rjjWUIcU?t=2697\" target=\"_blank\" rel=\"noopener\">Link to video<\/a><br \/><\/em><\/td>\n<td width=\"293\"><em>Arjan Palstra (Wageningen U<\/em>&amp;<em>R)<\/em><\/td>\n<\/tr>\n<tr>\n<td width=\"57\">16:10<\/td>\n<td width=\"388\"><strong>A benchmarking tool based on key performance indicators for\u00a0 seabass and seabream aquaculture Summary of results and outputs from PerformFish WP7<br \/><\/strong><a href=\"https:\/\/drive.google.com\/file\/d\/1M4soewYcvifYUhcOfsiTaVKMOZ7NzLMK\/view?usp=sharing\" target=\"_blank\" rel=\"noopener\">Presentation<\/a> \/ <a href=\"https:\/\/youtu.be\/938rjjWUIcU?t=3185\" target=\"_blank\" rel=\"noopener\">Link to video<\/a><strong><br \/><\/strong><\/td>\n<td width=\"293\">Giovanna Marino (ISPRA)<\/td>\n<\/tr>\n<tr>\n<td width=\"57\">16:30<\/td>\n<td width=\"388\"><strong>Genetics and breeding (Summary of results and outputs from MedAID WP3)<br \/><\/strong><a href=\"https:\/\/drive.google.com\/file\/d\/15oMgO7hcsh6juKLx0v0UZnpEo6gGtc_p\/view?usp=sharing\" target=\"_blank\" rel=\"noopener\">Presentation<\/a> \/ <a href=\"https:\/\/youtu.be\/938rjjWUIcU?t=4533\" target=\"_blank\" rel=\"noopener\">Link to video<\/a><strong><br \/><\/strong><\/td>\n<td width=\"293\">Anna Sonesson (NOFIMA)<\/td>\n<\/tr>\n<tr>\n<td width=\"57\">\u00a0<\/td>\n<td width=\"388\"><strong>Flash presentations<\/strong><\/td>\n<td width=\"293\">\u00a0<\/td>\n<\/tr>\n<tr>\n<td width=\"57\">\u00a0<\/td>\n<td width=\"388\"><em>Genotype by environment interaction in two commercial production sites of gilthead seabream in the Mediterranean<br \/><a href=\"https:\/\/drive.google.com\/file\/d\/1ZK9O30GAJSPe661eV_9UnR7ABo7cHHlE\/view?usp=sharing\" target=\"_blank\" rel=\"noopener\">Presentation<\/a> \/ <a href=\"https:\/\/youtu.be\/938rjjWUIcU?t=5435\" target=\"_blank\" rel=\"noopener\">Link to video<\/a><\/em><\/td>\n<td width=\"293\"><em>John Bastiaansen (Wageningen U<\/em>&amp;<em>R)<\/em><\/td>\n<\/tr>\n<tr>\n<td width=\"57\">\u00a0<\/td>\n<td width=\"388\"><em>Development and applications of the MedFish seabass and seabream SNP array<br \/><a href=\"https:\/\/drive.google.com\/file\/d\/1m_85X9WPzrWdSyJC71CYfJkZdY99y9jQ\/view?usp=sharing\" target=\"_blank\" rel=\"noopener\">Presentation<\/a> \/ <a href=\"https:\/\/youtu.be\/938rjjWUIcU?t=5937\" target=\"_blank\" rel=\"noopener\">Link to video<\/a><\/em><\/td>\n<td width=\"293\"><em>Ross Houston\u00a0 (U. Edinburgh)<\/em><\/td>\n<\/tr>\n<tr>\n<td width=\"57\">16:55<\/td>\n<td width=\"388\"><strong>Health management and diseases and fish welfare (Summary of results and outputs from MedAID\u2019s WP4)<br \/><\/strong><a href=\"https:\/\/drive.google.com\/file\/d\/135xyzdNMWGGWIL6uqccHCvj59VHafNU-\/view?usp=sharing\" target=\"_blank\" rel=\"noopener\">Presentation<\/a> \/ <a href=\"https:\/\/youtu.be\/938rjjWUIcU?t=6301\" target=\"_blank\" rel=\"noopener\">Link to video<\/a><strong><br \/><\/strong><\/td>\n<td width=\"293\">Edgar Brun (Norwegian Vet. Inst.)<\/td>\n<\/tr>\n<tr>\n<td width=\"57\">\u00a0<\/td>\n<td width=\"388\"><strong>Flash presentations<\/strong><\/td>\n<td width=\"293\">\u00a0<\/td>\n<\/tr>\n<tr>\n<td width=\"57\">\u00a0<\/td>\n<td width=\"388\"><em>A systematic approach for quantifying biosecurity measures<br \/><a href=\"https:\/\/drive.google.com\/file\/d\/1Th6fZZy7Q1zGiypA4-F9ZJZmXnQhjsUq\/view?usp=sharing\" target=\"_blank\" rel=\"noopener\">Presentation<\/a> \/ <a href=\"https:\/\/youtu.be\/938rjjWUIcU?t=7062\" target=\"_blank\" rel=\"noopener\">Link to video<\/a><br \/><\/em><\/td>\n<td width=\"293\"><em>Saraya Tavornpanich\u00a0 (Norwegian Vet. Inst.)<\/em><\/td>\n<\/tr>\n<tr>\n<td width=\"57\">\u00a0<\/td>\n<td width=\"388\"><em>VLP vaccination against VNN<br \/><a href=\"https:\/\/drive.google.com\/file\/d\/1ecub90mj5BkK2BJGDYFLG0qkFvcdWeja\/view?usp=sharing\" target=\"_blank\" rel=\"noopener\">Presentation<\/a> \/ <a href=\"https:\/\/youtu.be\/938rjjWUIcU?t=7659\" target=\"_blank\" rel=\"noopener\">Link to video<\/a><br \/><\/em><\/td>\n<td width=\"293\"><em>Anna Toffan (IZSVe)<\/em><\/td>\n<\/tr>\n<tr>\n<td width=\"57\">17:20<\/td>\n<td width=\"388\"><strong>Discussion<br \/><\/strong><a href=\"https:\/\/youtu.be\/938rjjWUIcU?t=8104\" target=\"_blank\" rel=\"noopener\">Link to video<\/a><strong><br \/><\/strong><\/td>\n<td width=\"293\">\u00a0<\/td>\n<\/tr>\n<tr>\n<td width=\"57\">18:00<\/td>\n<td width=\"388\"><strong>Close<\/strong><\/td>\n<td width=\"293\">\u00a0<\/td>\n<\/tr>\n<\/tbody>\n<\/table>\n\n\n<p><\/p>\n","protected":false},"excerpt":{"rendered":"<p>This event was organized by MedAID Project, with the collaboration of its sister Project PerformFish, and as a side event during the EAS Conference Aquaculture Europe 2021 (Funchal, Madeira, 4-7 October 2021) Below you will find the programme of the event and access to all the presentations (pdf) and recordings. \u00a0 Morning session &#8211; Improving&hellip;<\/p>\n","protected":false},"author":3,"featured_media":0,"parent":0,"menu_order":0,"comment_status":"closed","ping_status":"closed","template":"","meta":[],"_links":{"self":[{"href":"http:\/\/www.medaid-h2020.eu\/index.php\/wp-json\/wp\/v2\/pages\/4390"}],"collection":[{"href":"http:\/\/www.medaid-h2020.eu\/index.php\/wp-json\/wp\/v2\/pages"}],"about":[{"href":"http:\/\/www.medaid-h2020.eu\/index.php\/wp-json\/wp\/v2\/types\/page"}],"author":[{"embeddable":true,"href":"http:\/\/www.medaid-h2020.eu\/index.php\/wp-json\/wp\/v2\/users\/3"}],"replies":[{"embeddable":true,"href":"http:\/\/www.medaid-h2020.eu\/index.php\/wp-json\/wp\/v2\/comments?post=4390"}],"version-history":[{"count":34,"href":"http:\/\/www.medaid-h2020.eu\/index.php\/wp-json\/wp\/v2\/pages\/4390\/revisions"}],"predecessor-version":[{"id":4466,"href":"http:\/\/www.medaid-h2020.eu\/index.php\/wp-json\/wp\/v2\/pages\/4390\/revisions\/4466"}],"wp:attachment":[{"href":"http:\/\/www.medaid-h2020.eu\/index.php\/wp-json\/wp\/v2\/media?parent=4390"}],"curies":[{"name":"wp","href":"https:\/\/api.w.org\/{rel}","templated":true}]}}