



{"id":4115,"date":"2021-04-22T16:44:21","date_gmt":"2021-04-22T14:44:21","guid":{"rendered":"http:\/\/www.medaid-h2020.eu\/?page_id=4115"},"modified":"2021-11-22T16:38:18","modified_gmt":"2021-11-22T15:38:18","slug":"webinar-wp6","status":"publish","type":"page","link":"http:\/\/www.medaid-h2020.eu\/index.php\/webinar-wp6\/","title":{"rendered":"Webinar WP6"},"content":{"rendered":"\n<div class=\"wp-block-cover has-background-dim\" style=\"background-image:url(http:\/\/www.medaid-h2020.eu\/wp-content\/uploads\/2021\/04\/portada2.png)\"><div class=\"wp-block-cover__inner-container\">\n<p class=\"has-text-align-center\" style=\"font-size:45px\"><strong><strong><strong>Improving business performance and development of strategic marketing plans<\/strong><\/strong><\/strong><br><strong>Main results and conclusions from WP6<\/strong><\/p>\n\n\n\n<h2 class=\"has-text-align-center\" style=\"font-size:32px\"><strong>22 June 2021<\/strong> \/ 09:00 &#8211; 11:00 CET<\/h2>\n\n\n\n<h2 class=\"has-text-align-center\" style=\"font-size:25px\">Webinars in English with simultaneous interpretation into Spanish, French and Arabic<\/h2>\n<\/div><\/div>\n\n\n\n<h2 class=\"has-text-align-center\">If you have missed the webinar, don&#8217;t worry just click on the links below!<\/h2>\n\n\n\n<h1 class=\"has-text-align-center has-text-color\" style=\"color:#c22e2e;font-size:50px\"><img loading=\"lazy\" width=\"399\" height=\"531\" class=\"wp-image-4122\" style=\"width: 50px;\" src=\"http:\/\/www.medaid-h2020.eu\/wp-content\/uploads\/2021\/04\/Fire-WP6.png\" alt=\"\" srcset=\"http:\/\/www.medaid-h2020.eu\/wp-content\/uploads\/2021\/04\/Fire-WP6.png 399w, http:\/\/www.medaid-h2020.eu\/wp-content\/uploads\/2021\/04\/Fire-WP6-225x300.png 225w\" sizes=\"(max-width: 399px) 100vw, 399px\" \/> <i class=\"fas fa-fire-alt\"><strong>Event schedule<\/strong><\/i><\/h1>\n\n\n\n<div class=\"wp-block-columns are-vertically-aligned-center\">\n<div class=\"wp-block-column is-vertically-aligned-center\" style=\"flex-basis:33.33%\">\n<div class=\"wp-block-image is-style-rounded\"><figure class=\"alignright size-large is-resized\"><img loading=\"lazy\" src=\"http:\/\/www.medaid-h2020.eu\/wp-content\/uploads\/2021\/04\/Polanco.jpg\" alt=\"\" class=\"wp-image-4189\" width=\"170\" height=\"170\" srcset=\"http:\/\/www.medaid-h2020.eu\/wp-content\/uploads\/2021\/04\/Polanco.jpg 263w, http:\/\/www.medaid-h2020.eu\/wp-content\/uploads\/2021\/04\/Polanco-150x150.jpg 150w\" sizes=\"(max-width: 170px) 100vw, 170px\" \/><\/figure><\/div>\n<\/div>\n\n\n\n<div class=\"wp-block-column is-vertically-aligned-center\" style=\"flex-basis:66.66%\">\n<p><img loading=\"lazy\" width=\"512\" height=\"512\" class=\"wp-image-4029\" style=\"width: 20px;\" src=\"http:\/\/www.medaid-h2020.eu\/wp-content\/uploads\/2021\/03\/clock_icon-icons.com_72357.png\" alt=\"\" srcset=\"http:\/\/www.medaid-h2020.eu\/wp-content\/uploads\/2021\/03\/clock_icon-icons.com_72357.png 512w, http:\/\/www.medaid-h2020.eu\/wp-content\/uploads\/2021\/03\/clock_icon-icons.com_72357-300x300.png 300w, http:\/\/www.medaid-h2020.eu\/wp-content\/uploads\/2021\/03\/clock_icon-icons.com_72357-150x150.png 150w\" sizes=\"(max-width: 512px) 100vw, 512px\" \/>  &nbsp; 09:00 &#8211; 09:15 h&nbsp;&nbsp;&nbsp;&nbsp;&nbsp;&nbsp;&nbsp;&nbsp;&nbsp;&nbsp;<img loading=\"lazy\" width=\"256\" height=\"256\" class=\"wp-image-4030\" style=\"width: 20px;\" src=\"http:\/\/www.medaid-h2020.eu\/wp-content\/uploads\/2021\/03\/user_84308.png\" alt=\"\" srcset=\"http:\/\/www.medaid-h2020.eu\/wp-content\/uploads\/2021\/03\/user_84308.png 256w, http:\/\/www.medaid-h2020.eu\/wp-content\/uploads\/2021\/03\/user_84308-150x150.png 150w\" sizes=\"(max-width: 256px) 100vw, 256px\" \/> &nbsp;Jos\u00e9 Fern\u00e1ndez-Polanco (University of Cantabria)<\/p>\n\n\n\n<h2><a href=\"https:\/\/youtu.be\/urF31VKm3-c\" target=\"_blank\" rel=\"noreferrer noopener\">Introduction to MedAID WP6: main results and outputs<\/a><\/h2>\n<\/div>\n<\/div>\n\n\n\n<div style=\"height:20px\" aria-hidden=\"true\" class=\"wp-block-spacer\"><\/div>\n\n\n\n<div class=\"wp-block-columns are-vertically-aligned-center\">\n<div class=\"wp-block-column is-vertically-aligned-center\" style=\"flex-basis:33.33%\">\n<div class=\"wp-block-image is-style-rounded\"><figure class=\"alignright size-large is-resized\"><img loading=\"lazy\" src=\"http:\/\/www.medaid-h2020.eu\/wp-content\/uploads\/2021\/04\/Rasmus.jpg\" alt=\"\" class=\"wp-image-4217\" width=\"170\" height=\"170\" srcset=\"http:\/\/www.medaid-h2020.eu\/wp-content\/uploads\/2021\/04\/Rasmus.jpg 725w, http:\/\/www.medaid-h2020.eu\/wp-content\/uploads\/2021\/04\/Rasmus-300x300.jpg 300w, http:\/\/www.medaid-h2020.eu\/wp-content\/uploads\/2021\/04\/Rasmus-150x150.jpg 150w\" sizes=\"(max-width: 170px) 100vw, 170px\" \/><\/figure><\/div>\n<\/div>\n\n\n\n<div class=\"wp-block-column is-vertically-aligned-center\" style=\"flex-basis:66.66%\">\n<p><img loading=\"lazy\" width=\"512\" height=\"512\" class=\"wp-image-4029\" style=\"width: 20px;\" src=\"http:\/\/www.medaid-h2020.eu\/wp-content\/uploads\/2021\/03\/clock_icon-icons.com_72357.png\" alt=\"\" srcset=\"http:\/\/www.medaid-h2020.eu\/wp-content\/uploads\/2021\/03\/clock_icon-icons.com_72357.png 512w, http:\/\/www.medaid-h2020.eu\/wp-content\/uploads\/2021\/03\/clock_icon-icons.com_72357-300x300.png 300w, http:\/\/www.medaid-h2020.eu\/wp-content\/uploads\/2021\/03\/clock_icon-icons.com_72357-150x150.png 150w\" sizes=\"(max-width: 512px) 100vw, 512px\" \/>  &nbsp; 09:15 &#8211; 09:30 h&nbsp;&nbsp;&nbsp;&nbsp;&nbsp;&nbsp;&nbsp;&nbsp;&nbsp;&nbsp;<img loading=\"lazy\" width=\"256\" height=\"256\" class=\"wp-image-4030\" style=\"width: 20px;\" src=\"http:\/\/www.medaid-h2020.eu\/wp-content\/uploads\/2021\/03\/user_84308.png\" alt=\"\" srcset=\"http:\/\/www.medaid-h2020.eu\/wp-content\/uploads\/2021\/03\/user_84308.png 256w, http:\/\/www.medaid-h2020.eu\/wp-content\/uploads\/2021\/03\/user_84308-150x150.png 150w\" sizes=\"(max-width: 256px) 100vw, 256px\" \/> &nbsp;Rasmus Nielsen (University of Copenhagen)<\/p>\n\n\n\n<h2><a href=\"https:\/\/youtu.be\/6Z2tn-4LlLs\" target=\"_blank\" rel=\"noreferrer noopener\">Technical efficiency of sea bass and sea bream farming in the Mediterranean Sea<\/a><\/h2>\n<\/div>\n<\/div>\n\n\n\n<div style=\"height:20px\" aria-hidden=\"true\" class=\"wp-block-spacer\"><\/div>\n\n\n\n<div class=\"wp-block-columns are-vertically-aligned-center\">\n<div class=\"wp-block-column is-vertically-aligned-center\" style=\"flex-basis:33.33%\">\n<div class=\"wp-block-image is-style-rounded\"><figure class=\"alignright size-large is-resized\"><img loading=\"lazy\" src=\"http:\/\/www.medaid-h2020.eu\/wp-content\/uploads\/2021\/04\/manuel-luna.png\" alt=\"\" class=\"wp-image-4191\" width=\"170\" height=\"170\" srcset=\"http:\/\/www.medaid-h2020.eu\/wp-content\/uploads\/2021\/04\/manuel-luna.png 200w, http:\/\/www.medaid-h2020.eu\/wp-content\/uploads\/2021\/04\/manuel-luna-150x150.png 150w\" sizes=\"(max-width: 170px) 100vw, 170px\" \/><\/figure><\/div>\n<\/div>\n\n\n\n<div class=\"wp-block-column is-vertically-aligned-center\" style=\"flex-basis:66.66%\">\n<p><img loading=\"lazy\" width=\"512\" height=\"512\" class=\"wp-image-4029\" style=\"width: 20px;\" src=\"http:\/\/www.medaid-h2020.eu\/wp-content\/uploads\/2021\/03\/clock_icon-icons.com_72357.png\" alt=\"\" srcset=\"http:\/\/www.medaid-h2020.eu\/wp-content\/uploads\/2021\/03\/clock_icon-icons.com_72357.png 512w, http:\/\/www.medaid-h2020.eu\/wp-content\/uploads\/2021\/03\/clock_icon-icons.com_72357-300x300.png 300w, http:\/\/www.medaid-h2020.eu\/wp-content\/uploads\/2021\/03\/clock_icon-icons.com_72357-150x150.png 150w\" sizes=\"(max-width: 512px) 100vw, 512px\" \/>  &nbsp; 09:30 &#8211; 09:45 h&nbsp;&nbsp;&nbsp;&nbsp;&nbsp;&nbsp;&nbsp;&nbsp;&nbsp;&nbsp;<img loading=\"lazy\" width=\"256\" height=\"256\" class=\"wp-image-4030\" style=\"width: 20px;\" src=\"http:\/\/www.medaid-h2020.eu\/wp-content\/uploads\/2021\/03\/user_84308.png\" alt=\"\" srcset=\"http:\/\/www.medaid-h2020.eu\/wp-content\/uploads\/2021\/03\/user_84308.png 256w, http:\/\/www.medaid-h2020.eu\/wp-content\/uploads\/2021\/03\/user_84308-150x150.png 150w\" sizes=\"(max-width: 256px) 100vw, 256px\" \/> &nbsp;Manuel Luna (University of Cantabria)<\/p>\n\n\n\n<h2><a href=\"https:\/\/youtu.be\/4Z-YNGemxMg\" target=\"_blank\" rel=\"noreferrer noopener\">Bioecomic modelling in Seabream and Seabass production<\/a><\/h2>\n<\/div>\n<\/div>\n\n\n\n<div style=\"height:20px\" aria-hidden=\"true\" class=\"wp-block-spacer\"><\/div>\n\n\n\n<div class=\"wp-block-columns are-vertically-aligned-center\">\n<div class=\"wp-block-column is-vertically-aligned-center\" style=\"flex-basis:33.33%\">\n<div class=\"wp-block-image is-style-rounded\"><figure class=\"alignright size-large is-resized\"><img loading=\"lazy\" src=\"http:\/\/www.medaid-h2020.eu\/wp-content\/uploads\/2021\/04\/Angel-Herrero-Crespo.jpg\" alt=\"\" class=\"wp-image-4192\" width=\"170\" height=\"170\" srcset=\"http:\/\/www.medaid-h2020.eu\/wp-content\/uploads\/2021\/04\/Angel-Herrero-Crespo.jpg 378w, http:\/\/www.medaid-h2020.eu\/wp-content\/uploads\/2021\/04\/Angel-Herrero-Crespo-300x300.jpg 300w, http:\/\/www.medaid-h2020.eu\/wp-content\/uploads\/2021\/04\/Angel-Herrero-Crespo-150x150.jpg 150w\" sizes=\"(max-width: 170px) 100vw, 170px\" \/><\/figure><\/div>\n<\/div>\n\n\n\n<div class=\"wp-block-column is-vertically-aligned-center\" style=\"flex-basis:66.66%\">\n<p><img loading=\"lazy\" width=\"512\" height=\"512\" class=\"wp-image-4029\" style=\"width: 20px;\" src=\"http:\/\/www.medaid-h2020.eu\/wp-content\/uploads\/2021\/03\/clock_icon-icons.com_72357.png\" alt=\"\" srcset=\"http:\/\/www.medaid-h2020.eu\/wp-content\/uploads\/2021\/03\/clock_icon-icons.com_72357.png 512w, http:\/\/www.medaid-h2020.eu\/wp-content\/uploads\/2021\/03\/clock_icon-icons.com_72357-300x300.png 300w, http:\/\/www.medaid-h2020.eu\/wp-content\/uploads\/2021\/03\/clock_icon-icons.com_72357-150x150.png 150w\" sizes=\"(max-width: 512px) 100vw, 512px\" \/>  &nbsp; 09:45 &#8211; 10:00 h&nbsp;&nbsp;&nbsp;&nbsp;&nbsp;&nbsp;&nbsp;&nbsp;&nbsp;&nbsp;<img loading=\"lazy\" width=\"256\" height=\"256\" class=\"wp-image-4030\" style=\"width: 20px;\" src=\"http:\/\/www.medaid-h2020.eu\/wp-content\/uploads\/2021\/03\/user_84308.png\" alt=\"\" srcset=\"http:\/\/www.medaid-h2020.eu\/wp-content\/uploads\/2021\/03\/user_84308.png 256w, http:\/\/www.medaid-h2020.eu\/wp-content\/uploads\/2021\/03\/user_84308-150x150.png 150w\" sizes=\"(max-width: 256px) 100vw, 256px\" \/> &nbsp;\u00c1ngel Herrero (University of Cantabria)<\/p>\n\n\n\n<h2><a href=\"https:\/\/youtu.be\/o8Uck-2qO7o\" target=\"_blank\" rel=\"noreferrer noopener\">Media and market behaviour<\/a><\/h2>\n<\/div>\n<\/div>\n\n\n\n<div style=\"height:20px\" aria-hidden=\"true\" class=\"wp-block-spacer\"><\/div>\n\n\n\n<div class=\"wp-block-columns are-vertically-aligned-center\">\n<div class=\"wp-block-column is-vertically-aligned-center\" style=\"flex-basis:33.33%\">\n<div class=\"wp-block-image is-style-rounded\"><figure class=\"alignright size-large is-resized\"><img loading=\"lazy\" src=\"http:\/\/www.medaid-h2020.eu\/wp-content\/uploads\/2021\/04\/Polanco.jpg\" alt=\"\" class=\"wp-image-4189\" width=\"170\" height=\"170\" srcset=\"http:\/\/www.medaid-h2020.eu\/wp-content\/uploads\/2021\/04\/Polanco.jpg 263w, http:\/\/www.medaid-h2020.eu\/wp-content\/uploads\/2021\/04\/Polanco-150x150.jpg 150w\" sizes=\"(max-width: 170px) 100vw, 170px\" \/><\/figure><\/div>\n<\/div>\n\n\n\n<div class=\"wp-block-column is-vertically-aligned-center\" style=\"flex-basis:66.66%\">\n<p><img loading=\"lazy\" width=\"512\" height=\"512\" class=\"wp-image-4029\" style=\"width: 20px;\" src=\"http:\/\/www.medaid-h2020.eu\/wp-content\/uploads\/2021\/03\/clock_icon-icons.com_72357.png\" alt=\"\" srcset=\"http:\/\/www.medaid-h2020.eu\/wp-content\/uploads\/2021\/03\/clock_icon-icons.com_72357.png 512w, http:\/\/www.medaid-h2020.eu\/wp-content\/uploads\/2021\/03\/clock_icon-icons.com_72357-300x300.png 300w, http:\/\/www.medaid-h2020.eu\/wp-content\/uploads\/2021\/03\/clock_icon-icons.com_72357-150x150.png 150w\" sizes=\"(max-width: 512px) 100vw, 512px\" \/>  &nbsp; 10:00 &#8211; 10:15 h&nbsp;&nbsp;&nbsp;&nbsp;&nbsp;&nbsp;&nbsp;&nbsp;&nbsp;&nbsp;<img loading=\"lazy\" width=\"256\" height=\"256\" class=\"wp-image-4030\" style=\"width: 20px;\" src=\"http:\/\/www.medaid-h2020.eu\/wp-content\/uploads\/2021\/03\/user_84308.png\" alt=\"\" srcset=\"http:\/\/www.medaid-h2020.eu\/wp-content\/uploads\/2021\/03\/user_84308.png 256w, http:\/\/www.medaid-h2020.eu\/wp-content\/uploads\/2021\/03\/user_84308-150x150.png 150w\" sizes=\"(max-width: 256px) 100vw, 256px\" \/> &nbsp;Jos\u00e9 Fern\u00e1ndez-Polanco (University of Cantabria)<\/p>\n\n\n\n<h2><a href=\"https:\/\/youtu.be\/rDGyDqajOZU\" target=\"_blank\" rel=\"noreferrer noopener\">Market drivers and expected trends<\/a><\/h2>\n<\/div>\n<\/div>\n\n\n\n<div style=\"height:20px\" aria-hidden=\"true\" class=\"wp-block-spacer\"><\/div>\n\n\n\n<div class=\"wp-block-columns are-vertically-aligned-center\">\n<div class=\"wp-block-column is-vertically-aligned-center\" style=\"flex-basis:33.33%\">\n<div class=\"wp-block-image is-style-rounded\"><figure class=\"alignright size-large is-resized\"><img src=\"http:\/\/www.medaid-h2020.eu\/wp-content\/uploads\/2021\/06\/1516949925475.jpg\" alt=\"\" class=\"wp-image-4321\" width=\"170\" srcset=\"http:\/\/www.medaid-h2020.eu\/wp-content\/uploads\/2021\/06\/1516949925475.jpg 252w, http:\/\/www.medaid-h2020.eu\/wp-content\/uploads\/2021\/06\/1516949925475-150x150.jpg 150w\" sizes=\"(max-width: 252px) 100vw, 252px\" \/><\/figure><\/div>\n<\/div>\n\n\n\n<div class=\"wp-block-column is-vertically-aligned-center\" style=\"flex-basis:66.66%\">\n<p><img loading=\"lazy\" width=\"512\" height=\"512\" class=\"wp-image-4029\" style=\"width: 20px;\" src=\"http:\/\/www.medaid-h2020.eu\/wp-content\/uploads\/2021\/03\/clock_icon-icons.com_72357.png\" alt=\"\" srcset=\"http:\/\/www.medaid-h2020.eu\/wp-content\/uploads\/2021\/03\/clock_icon-icons.com_72357.png 512w, http:\/\/www.medaid-h2020.eu\/wp-content\/uploads\/2021\/03\/clock_icon-icons.com_72357-300x300.png 300w, http:\/\/www.medaid-h2020.eu\/wp-content\/uploads\/2021\/03\/clock_icon-icons.com_72357-150x150.png 150w\" sizes=\"(max-width: 512px) 100vw, 512px\" \/>  &nbsp; 10:15 &#8211; 10:30 h&nbsp;&nbsp;&nbsp;&nbsp;&nbsp;&nbsp;&nbsp;&nbsp;&nbsp;&nbsp;<img loading=\"lazy\" width=\"256\" height=\"256\" class=\"wp-image-4030\" style=\"width: 20px;\" src=\"http:\/\/www.medaid-h2020.eu\/wp-content\/uploads\/2021\/03\/user_84308.png\" alt=\"\" srcset=\"http:\/\/www.medaid-h2020.eu\/wp-content\/uploads\/2021\/03\/user_84308.png 256w, http:\/\/www.medaid-h2020.eu\/wp-content\/uploads\/2021\/03\/user_84308-150x150.png 150w\" sizes=\"(max-width: 256px) 100vw, 256px\" \/> &nbsp;Jos\u00e9 Luis Fern\u00e1ndez S\u00e1nchez (University of Cantabria)<\/p>\n\n\n\n<h2><strong><a href=\"https:\/\/youtu.be\/BhliTbXYKsA\" target=\"_blank\" rel=\"noreferrer noopener\">Estimation of the economic impact of improvements in production and marketing<\/a><\/strong><\/h2>\n<\/div>\n<\/div>\n\n\n\n<div style=\"height:20px\" aria-hidden=\"true\" class=\"wp-block-spacer\"><\/div>\n\n\n\n<div class=\"wp-block-columns are-vertically-aligned-center\">\n<div class=\"wp-block-column is-vertically-aligned-center\" style=\"flex-basis:33.33%\">\n<div class=\"wp-block-image is-style-default\"><figure class=\"alignright size-large is-resized\"><img src=\"http:\/\/www.medaid-h2020.eu\/wp-content\/uploads\/2021\/06\/WP6-grupo.jpg\" alt=\"\" class=\"wp-image-4323\" width=\"240\" srcset=\"http:\/\/www.medaid-h2020.eu\/wp-content\/uploads\/2021\/06\/WP6-grupo.jpg 816w, http:\/\/www.medaid-h2020.eu\/wp-content\/uploads\/2021\/06\/WP6-grupo-300x147.jpg 300w, http:\/\/www.medaid-h2020.eu\/wp-content\/uploads\/2021\/06\/WP6-grupo-768x377.jpg 768w\" sizes=\"(max-width: 816px) 100vw, 816px\" \/><\/figure><\/div>\n<\/div>\n\n\n\n<div class=\"wp-block-column is-vertically-aligned-center\" style=\"flex-basis:66.66%\">\n<p><img loading=\"lazy\" width=\"512\" height=\"512\" class=\"wp-image-4029\" style=\"width: 20px;\" src=\"http:\/\/www.medaid-h2020.eu\/wp-content\/uploads\/2021\/03\/clock_icon-icons.com_72357.png\" alt=\"\" srcset=\"http:\/\/www.medaid-h2020.eu\/wp-content\/uploads\/2021\/03\/clock_icon-icons.com_72357.png 512w, http:\/\/www.medaid-h2020.eu\/wp-content\/uploads\/2021\/03\/clock_icon-icons.com_72357-300x300.png 300w, http:\/\/www.medaid-h2020.eu\/wp-content\/uploads\/2021\/03\/clock_icon-icons.com_72357-150x150.png 150w\" sizes=\"(max-width: 512px) 100vw, 512px\" \/>  &nbsp; 10:30 &#8211; 11:00 h<\/p>\n\n\n\n<h2><a href=\"https:\/\/youtu.be\/YSo1me0xzYU\" target=\"_blank\" rel=\"noreferrer noopener\">Questions and Discussion<\/a><\/h2>\n<\/div>\n<\/div>\n\n\n\n<div style=\"height:30px\" aria-hidden=\"true\" class=\"wp-block-spacer\"><\/div>\n\n\n\n<p><\/p>\n","protected":false},"excerpt":{"rendered":"<p>If you have missed the webinar, don&#8217;t worry just click on the links below! Event schedule &nbsp; 09:00 &#8211; 09:15 h&nbsp;&nbsp;&nbsp;&nbsp;&nbsp;&nbsp;&nbsp;&nbsp;&nbsp;&nbsp; &nbsp;Jos\u00e9 Fern\u00e1ndez-Polanco (University of Cantabria) Introduction to MedAID WP6: main results and outputs &nbsp; 09:15 &#8211; 09:30 h&nbsp;&nbsp;&nbsp;&nbsp;&nbsp;&nbsp;&nbsp;&nbsp;&nbsp;&nbsp; &nbsp;Rasmus Nielsen (University of Copenhagen) Technical efficiency of sea bass and sea bream farming in the&hellip;<\/p>\n","protected":false},"author":3,"featured_media":0,"parent":0,"menu_order":0,"comment_status":"closed","ping_status":"closed","template":"","meta":[],"_links":{"self":[{"href":"http:\/\/www.medaid-h2020.eu\/index.php\/wp-json\/wp\/v2\/pages\/4115"}],"collection":[{"href":"http:\/\/www.medaid-h2020.eu\/index.php\/wp-json\/wp\/v2\/pages"}],"about":[{"href":"http:\/\/www.medaid-h2020.eu\/index.php\/wp-json\/wp\/v2\/types\/page"}],"author":[{"embeddable":true,"href":"http:\/\/www.medaid-h2020.eu\/index.php\/wp-json\/wp\/v2\/users\/3"}],"replies":[{"embeddable":true,"href":"http:\/\/www.medaid-h2020.eu\/index.php\/wp-json\/wp\/v2\/comments?post=4115"}],"version-history":[{"count":16,"href":"http:\/\/www.medaid-h2020.eu\/index.php\/wp-json\/wp\/v2\/pages\/4115\/revisions"}],"predecessor-version":[{"id":4545,"href":"http:\/\/www.medaid-h2020.eu\/index.php\/wp-json\/wp\/v2\/pages\/4115\/revisions\/4545"}],"wp:attachment":[{"href":"http:\/\/www.medaid-h2020.eu\/index.php\/wp-json\/wp\/v2\/media?parent=4115"}],"curies":[{"name":"wp","href":"https:\/\/api.w.org\/{rel}","templated":true}]}}