



{"id":3537,"date":"2020-06-03T13:21:16","date_gmt":"2020-06-03T11:21:16","guid":{"rendered":"http:\/\/www.medaid-h2020.eu\/?page_id=3537"},"modified":"2020-06-11T13:07:51","modified_gmt":"2020-06-11T11:07:51","slug":"3rd-annual-meeting","status":"publish","type":"page","link":"http:\/\/www.medaid-h2020.eu\/index.php\/3rd-annual-meeting\/","title":{"rendered":"MedAID 3rd Annual Meeting"},"content":{"rendered":"<h4 style=\"text-align: left;\"><span style=\"color: #00156b;\"><strong><img loading=\"lazy\" class=\"aligncenter wp-image-3562 size-full\" src=\"http:\/\/www.medaid-h2020.eu\/wp-content\/uploads\/2020\/06\/Online-Open-sessions-23-24-June-2020-2.png\" alt=\"\" width=\"820\" height=\"273\" srcset=\"http:\/\/www.medaid-h2020.eu\/wp-content\/uploads\/2020\/06\/Online-Open-sessions-23-24-June-2020-2.png 820w, http:\/\/www.medaid-h2020.eu\/wp-content\/uploads\/2020\/06\/Online-Open-sessions-23-24-June-2020-2-300x100.png 300w, http:\/\/www.medaid-h2020.eu\/wp-content\/uploads\/2020\/06\/Online-Open-sessions-23-24-June-2020-2-768x256.png 768w\" sizes=\"(max-width: 820px) 100vw, 820px\" \/><\/strong><\/span><\/h4>\n<h5>Do you want to participate in our 3rd annual meeting?<br \/>\n<strong>Register here:<\/strong><a href=\"https:\/\/iamz-ciheam-org.zoom.us\/meeting\/register\/tJIrceqsqD0vGdHqIeunrddafaIR9VO-c8en\" target=\"_blank\" rel=\"noopener\">\u00a0https:\/\/iamz-ciheam-org.zoom.us\/meeting\/register\/tJIrceqsqD0vGdHqIeunrddafaIR9VO-c8en<\/a><br \/>\nSessions will be held in English, with simultaneous interpretation into Spanish.<\/h5>\n<h4 style=\"text-align: left;\"><span style=\"color: #00affe;\"><strong>23<sup>rd <\/sup>June 2020<\/strong><\/span><\/h4>\n<table width=\"744\">\n<tbody>\n<tr>\n<td width=\"69\"><strong>08:30<\/strong><\/td>\n<td width=\"676\"><strong>Registration and welcome <\/strong><\/td>\n<\/tr>\n<tr>\n<td width=\"69\">09:00<\/td>\n<td width=\"676\">Presentation of aims and agenda of the Meeting (MedAID project coordinators)<\/td>\n<\/tr>\n<tr>\n<td width=\"69\">09:15<\/td>\n<td width=\"676\"><strong>WP2: Improving Zootechnical Performance <\/strong>&#8211; Work carried out, achievements, problems and solutions (WP leader: Alicia Estevez, IRTA)<\/td>\n<\/tr>\n<tr>\n<td width=\"69\">09:30<\/td>\n<td width=\"676\">Water flow induced swimming exercise in gilthead seabream Sparus aurata: muscle growth, stress coping and activity patterning by accelerometry (Arjan Palstra, WUR)<\/td>\n<\/tr>\n<tr>\n<td width=\"69\">09:40<\/td>\n<td width=\"676\">Insights from high throughput non-coding RNA sequencing during European sea bass development reared at different temperatures (Elena Sarropoulou, HCMR)<\/td>\n<\/tr>\n<tr>\n<td width=\"69\">09:50<\/td>\n<td width=\"676\">Debate<\/td>\n<\/tr>\n<tr>\n<td width=\"69\">10:00<\/td>\n<td width=\"676\"><strong>WP3: Genetics and breeding <\/strong>&#8211; Work carried out, achievements, problems and solutions (WP leader: Anna Sonesson, Nofima)<\/td>\n<\/tr>\n<tr>\n<td width=\"69\">10:15<\/td>\n<td width=\"676\">Genetic analysis of population structure for seabream (Maria Saura, INIA)<\/td>\n<\/tr>\n<tr>\n<td width=\"69\">10:25<\/td>\n<td width=\"676\">Development and validation of the combined sea bass and sea bream SNP array (Ross Houston, Roslin Institute)<\/td>\n<\/tr>\n<tr>\n<td width=\"69\">10:35<\/td>\n<td width=\"676\">Debate<\/td>\n<\/tr>\n<tr>\n<td width=\"69\"><strong>10:45<\/strong><\/td>\n<td width=\"676\"><strong>Coffee break<\/strong><\/td>\n<\/tr>\n<tr>\n<td width=\"69\">11:15<\/td>\n<td width=\"676\"><strong>WP4: Health management and diseases and fish welfare<\/strong> &#8211; Work carried out, achievements, problems and solutions (WP leader: Edgar Brun, NVI)<\/td>\n<\/tr>\n<tr>\n<td width=\"69\">11:30<\/td>\n<td width=\"676\">Task 4.1. Assess the risk of relevant pathogens and emerging diseases in the Mediterranean basin (Saraya Tavornpanich, NVI)<\/td>\n<\/tr>\n<tr>\n<td width=\"69\">11:40<\/td>\n<td width=\"676\">Task 4.2. Strengthening diagnostic capacities by harmonizing competences (Snje\u017eana Zrn\u010di\u0107, HVI)<\/td>\n<\/tr>\n<tr>\n<td width=\"69\">11:50<\/td>\n<td width=\"676\">Debate<\/td>\n<\/tr>\n<tr>\n<td width=\"69\"><strong>12:00<\/strong><\/td>\n<td width=\"676\"><strong>End of open sessions <\/strong><\/td>\n<\/tr>\n<\/tbody>\n<\/table>\n<p><strong><br \/>\n<\/strong><span style=\"color: #00affe;\"><strong>24<sup>th <\/sup>June 2020<\/strong><\/span><\/p>\n<table width=\"744\">\n<tbody>\n<tr>\n<td width=\"69\"><strong>08:30<\/strong><\/td>\n<td width=\"676\"><strong>Registration and welcome <\/strong><\/td>\n<\/tr>\n<tr>\n<td width=\"69\">09:00<\/td>\n<td width=\"676\"><strong>WP5: Product development, market and consumer assessment<\/strong> &#8211; Work carried out, achievements, problems and solutions (WP leader: Irene Peral, Azti)<\/td>\n<\/tr>\n<tr>\n<td width=\"69\">09:15<\/td>\n<td width=\"676\">New fish products ideas generated by consumers to consumers (Laura L\u00f3pez-Mas, IRTA)<\/td>\n<\/tr>\n<tr>\n<td width=\"69\">09:25<\/td>\n<td width=\"676\">Aquaculture seafood products development at pilot scale (Raquel Llorente, AZTI)<\/td>\n<\/tr>\n<tr>\n<td width=\"69\">09:35<\/td>\n<td width=\"676\">Debate<\/td>\n<\/tr>\n<tr>\n<td width=\"69\">09:45<\/td>\n<td width=\"676\"><strong>WP6: Improving business performance and strategic marketing plans<\/strong> &#8211; Work carried out, achievements, problems encountered and solutions (WP leader: Jos\u00e9 Manuel Fern\u00e1ndez Polanco, UC)<\/td>\n<\/tr>\n<tr>\n<td width=\"69\">10:00<\/td>\n<td width=\"676\">Mass media coverage of aquaculture:\u00a0 Assessing the effect of news characteristics on aquaculture demand (\u00c1ngel Herrero, UC)<\/td>\n<\/tr>\n<tr>\n<td width=\"69\">10:10<\/td>\n<td width=\"676\">Support for decision-making in aquaculture companies (Manuel Luna, UC)<\/td>\n<\/tr>\n<tr>\n<td width=\"69\">10:20<\/td>\n<td width=\"676\">Debate<\/td>\n<\/tr>\n<tr>\n<td width=\"69\"><strong>10:30<\/strong><\/td>\n<td width=\"676\"><strong>Coffee break<\/strong><\/td>\n<\/tr>\n<tr>\n<td width=\"69\">11:00<\/td>\n<td width=\"676\"><strong>WP7: Social acceptability and governance<\/strong> &#8211; Work carried out, achievements, problems encountered and solutions (WP leader: Jos\u00e9 P\u00e9rez, Ifremer)<\/td>\n<\/tr>\n<tr>\n<td width=\"69\">11:15<\/td>\n<td width=\"676\">Regional guidelines on social acceptability of aquaculture. A vision for the Mediterranean and Black Sea (Davide Fezzardi, FAO)<\/td>\n<\/tr>\n<tr>\n<td width=\"69\">11:25<\/td>\n<td width=\"676\">The social acceptability of aquaculture in Greece (Conides and Katia Frangoudes, HCMR<\/td>\n<\/tr>\n<tr>\n<td width=\"69\">11:35<\/td>\n<td width=\"676\">Debate<\/td>\n<\/tr>\n<tr>\n<td width=\"69\">11:45<\/td>\n<td width=\"676\"><strong>WP8: Integrated proposals for an innovative and competitive sector <\/strong>&#8211; Work-package progress and MedAID Dashboard (Dolors Furones and Cristobal Aguilera, IRTA)<\/td>\n<\/tr>\n<tr>\n<td width=\"69\">12:00<\/td>\n<td width=\"676\">Debate<\/td>\n<\/tr>\n<tr>\n<td width=\"69\"><strong>12:15<\/strong><\/td>\n<td width=\"676\"><strong>End of open sessions<\/strong><\/td>\n<\/tr>\n<\/tbody>\n<\/table>\n<p><strong>\u00a0<\/strong><\/p>\n","protected":false},"excerpt":{"rendered":"<p>Do you want to participate in our 3rd annual meeting? Register here:\u00a0https:\/\/iamz-ciheam-org.zoom.us\/meeting\/register\/tJIrceqsqD0vGdHqIeunrddafaIR9VO-c8en Sessions will be held in English, with simultaneous interpretation into Spanish. 23rd June 2020 08:30 Registration and welcome 09:00 Presentation of aims and agenda of the Meeting (MedAID project coordinators) 09:15 WP2: Improving Zootechnical Performance &#8211; Work carried out, achievements, problems and solutions&hellip;<\/p>\n","protected":false},"author":3,"featured_media":0,"parent":0,"menu_order":0,"comment_status":"closed","ping_status":"closed","template":"","meta":[],"_links":{"self":[{"href":"http:\/\/www.medaid-h2020.eu\/index.php\/wp-json\/wp\/v2\/pages\/3537"}],"collection":[{"href":"http:\/\/www.medaid-h2020.eu\/index.php\/wp-json\/wp\/v2\/pages"}],"about":[{"href":"http:\/\/www.medaid-h2020.eu\/index.php\/wp-json\/wp\/v2\/types\/page"}],"author":[{"embeddable":true,"href":"http:\/\/www.medaid-h2020.eu\/index.php\/wp-json\/wp\/v2\/users\/3"}],"replies":[{"embeddable":true,"href":"http:\/\/www.medaid-h2020.eu\/index.php\/wp-json\/wp\/v2\/comments?post=3537"}],"version-history":[{"count":20,"href":"http:\/\/www.medaid-h2020.eu\/index.php\/wp-json\/wp\/v2\/pages\/3537\/revisions"}],"predecessor-version":[{"id":4391,"href":"http:\/\/www.medaid-h2020.eu\/index.php\/wp-json\/wp\/v2\/pages\/3537\/revisions\/4391"}],"wp:attachment":[{"href":"http:\/\/www.medaid-h2020.eu\/index.php\/wp-json\/wp\/v2\/media?parent=3537"}],"curies":[{"name":"wp","href":"https:\/\/api.w.org\/{rel}","templated":true}]}}