



{"id":3244,"date":"2019-08-06T10:45:46","date_gmt":"2019-08-06T08:45:46","guid":{"rendered":"http:\/\/www.medaid-h2020.eu\/?page_id=3244"},"modified":"2019-08-06T12:11:51","modified_gmt":"2019-08-06T10:11:51","slug":"workshop-bottlenecks","status":"publish","type":"page","link":"http:\/\/www.medaid-h2020.eu\/index.php\/workshop-bottlenecks\/","title":{"rendered":"Workshop: Bottlenecks in diagnostics of Mediterranean fish diseases"},"content":{"rendered":"<h1 style=\"text-align: center;\"><strong><span style=\"color: #000080;\">Open Workshop:<br \/>\n<\/span><\/strong><strong><span style=\"color: #000080;\">Bottlenecks in diagnostics of Mediterranean fish diseases<\/span><\/strong><\/h1>\n<h3 style=\"text-align: center;\"><span style=\"color: #000080;\"><strong>9 September 2019<br \/>\n<\/strong><\/span><span style=\"color: #000080;\"><strong><span style=\"color: #000080;\">Alfandenga do Porto Congress Centre (Portugal) &#8211; 19th\u00a0EAFP Conference<\/span><\/strong><\/span><strong style=\"color: #000080; font-size: 16px;\">\u00a0<\/strong><\/h3>\n<p><span style=\"color: #000080;\"><strong><span style=\"font-weight: normal !msorm;\">\u00a0<\/span><\/strong><\/span><\/p>\n<p><img loading=\"lazy\" class=\"alignleft wp-image-3245\" src=\"http:\/\/www.medaid-h2020.eu\/wp-content\/uploads\/2019\/08\/workshop-portugal-1024x681.jpg\" alt=\"\" width=\"387\" height=\"258\" srcset=\"http:\/\/www.medaid-h2020.eu\/wp-content\/uploads\/2019\/08\/workshop-portugal-1024x681.jpg 1024w, http:\/\/www.medaid-h2020.eu\/wp-content\/uploads\/2019\/08\/workshop-portugal-300x200.jpg 300w, http:\/\/www.medaid-h2020.eu\/wp-content\/uploads\/2019\/08\/workshop-portugal-768x511.jpg 768w, http:\/\/www.medaid-h2020.eu\/wp-content\/uploads\/2019\/08\/workshop-portugal-272x182.jpg 272w, http:\/\/www.medaid-h2020.eu\/wp-content\/uploads\/2019\/08\/workshop-portugal.jpg 1093w\" sizes=\"(max-width: 387px) 100vw, 387px\" \/><\/p>\n<p style=\"text-align: left;\">The goal of two EU funded projects in the frame of Horizon 2020, namely MedAID and PerformFISH, is to increase the overall competitiveness and sustainability of the Mediterranean marine fish-farming sector, throughout the whole value chain. An important aspect of both projects is managing transmissible diseases of farmed fish. Another H2020 project ParaFishControl, aiming to improve understanding of fish-parasite interaction and developing innovative solutions and tools for the prevention, control and mitigation of farmed fish parasitic diseases, interacts with these two projects in the field of the parasitic diseases. The projects are actively cooperating in all possible aspects and the workshop will cover one of the mutual interests of three EU H2020 projects: diagnostics. PerformFISH is working on a deliverable on diagnostic methods and MedAID and ParaFishControl have prepared Diagnostic Manuals for certain diseases. Still, further efforts for the validation of diagnostic methods of infectious diseases in Mediterranean aquaculture are needed. In addition, harmonization of recommended procedures is necessary for the generation of meaningful field data at all levels, and the scope of diagnostic manuals is to standardize these procedures as much as possible.<\/p>\n<h2 style=\"text-align: left;\"><span style=\"color: #000080;\">Workshop agenda<\/span><\/h2>\n<p><span style=\"color: #000080;\"><strong>Presentations\u00a0\u2013 1h<\/strong><\/span><br \/>\n\u2022 Introduction on diagnostic needs in the Mediterranean basin &#8211; Edgar Brun &amp; Francesc Padr\u00f3s<br \/>\n\u2022 Diagnostic manual on viral and bacterial diseases of seabass and seabream (MedAID) &#8211; Snje\u017eana Zrn\u010di\u0107<br \/>\n\u2022 Diagnostic manual on parasitic diseases of European aquacultured fish. (ParaFishControl)\u00a0&#8211; Oswaldo Palenzuela<br \/>\n\u2022 Diagnostic capacities in the Mediterranean basin &#8211; Maria Letizia Fioravanti<\/p>\n<p><span style=\"color: #000080;\"><strong>Working group discussion with the following topics \u2013 50\u2019<\/strong><br \/>\n<\/span>\u2022 Viral Nervous Necrosis &#8211; Moderators: Anna Toffan &amp; Sara Ciulli<br \/>\n\u2022 Vibrio and Tenacibaculum infections &#8211; Moderators: Belen Fouz &amp; Alain Le Breton<br \/>\n\u2022 Fastidious and intracellular bacteria, Red Rash Syndrome &#8211; Moderators: Pantelis Katharios &amp; Panos Varvarigos<br \/>\n\u2022 Identification and assessment of intestinal parasites and ectoparasites &#8211; Moderators: Oswaldo Palenzuela, Andrea Gustinelli &amp; Ivona Mladineo<\/p>\n<p><span style=\"color: #000080;\"><strong>Common conclusions and session wrap up \u2013 45\u2019<br \/>\n<\/strong><\/span>Each group&#8217;s conclusions: 5\u2019 (20\u2019) + 20\u2019 general conclusions (all session coordinators)<br \/>\nModerators: Edgar Brun, Francesc Padr\u00f3s and Dolors Furones.<\/p>\n<p class=\"alignnone\"><a href=\"http:\/\/www.medaid-h2020.eu\/wp-content\/uploads\/2019\/08\/Open-Workshop_final_sz.pdf\" target=\"_blank\" rel=\"noopener\"><img loading=\"lazy\" class=\"wp-image-2111 alignleft\" src=\"http:\/\/www.medaid-h2020.eu\/wp-content\/uploads\/2018\/04\/adobe-24943-274x300.png\" alt=\"adobe-24943\" width=\"37\" height=\"41\" srcset=\"http:\/\/www.medaid-h2020.eu\/wp-content\/uploads\/2018\/04\/adobe-24943-274x300.png 274w, http:\/\/www.medaid-h2020.eu\/wp-content\/uploads\/2018\/04\/adobe-24943-768x840.png 768w, http:\/\/www.medaid-h2020.eu\/wp-content\/uploads\/2018\/04\/adobe-24943-937x1024.png 937w, http:\/\/www.medaid-h2020.eu\/wp-content\/uploads\/2018\/04\/adobe-24943.png 1756w\" sizes=\"(max-width: 37px) 100vw, 37px\" \/><\/a><a href=\"http:\/\/www.medaid-h2020.eu\/wp-content\/uploads\/2019\/08\/Open-Workshop_final_sz.pdf\" target=\"_blank\" rel=\"noopener\">Download workshop brochure<\/a><\/p>\n","protected":false},"excerpt":{"rendered":"<p>Open Workshop: Bottlenecks in diagnostics of Mediterranean fish diseases 9 September 2019 Alfandenga do Porto Congress Centre (Portugal) &#8211; 19th\u00a0EAFP Conference\u00a0 \u00a0 The goal of two EU funded projects in the frame of Horizon 2020, namely MedAID and PerformFISH, is to increase the overall competitiveness and sustainability of the Mediterranean marine fish-farming sector, throughout the&hellip;<\/p>\n","protected":false},"author":3,"featured_media":0,"parent":0,"menu_order":0,"comment_status":"closed","ping_status":"closed","template":"","meta":[],"_links":{"self":[{"href":"http:\/\/www.medaid-h2020.eu\/index.php\/wp-json\/wp\/v2\/pages\/3244"}],"collection":[{"href":"http:\/\/www.medaid-h2020.eu\/index.php\/wp-json\/wp\/v2\/pages"}],"about":[{"href":"http:\/\/www.medaid-h2020.eu\/index.php\/wp-json\/wp\/v2\/types\/page"}],"author":[{"embeddable":true,"href":"http:\/\/www.medaid-h2020.eu\/index.php\/wp-json\/wp\/v2\/users\/3"}],"replies":[{"embeddable":true,"href":"http:\/\/www.medaid-h2020.eu\/index.php\/wp-json\/wp\/v2\/comments?post=3244"}],"version-history":[{"count":13,"href":"http:\/\/www.medaid-h2020.eu\/index.php\/wp-json\/wp\/v2\/pages\/3244\/revisions"}],"predecessor-version":[{"id":3260,"href":"http:\/\/www.medaid-h2020.eu\/index.php\/wp-json\/wp\/v2\/pages\/3244\/revisions\/3260"}],"wp:attachment":[{"href":"http:\/\/www.medaid-h2020.eu\/index.php\/wp-json\/wp\/v2\/media?parent=3244"}],"curies":[{"name":"wp","href":"https:\/\/api.w.org\/{rel}","templated":true}]}}