



{"id":3152,"date":"2019-05-08T13:02:13","date_gmt":"2019-05-08T11:02:13","guid":{"rendered":"http:\/\/www.medaid-h2020.eu\/?page_id=3152"},"modified":"2019-05-13T17:01:31","modified_gmt":"2019-05-13T15:01:31","slug":"xvii-spains-aquaculture-national-congress","status":"publish","type":"page","link":"http:\/\/www.medaid-h2020.eu\/index.php\/xvii-spains-aquaculture-national-congress\/","title":{"rendered":"XVII Spain\u2019s Aquaculture National Congress"},"content":{"rendered":"<p><img loading=\"lazy\" class=\"aligncenter wp-image-3153 size-full\" src=\"http:\/\/www.medaid-h2020.eu\/wp-content\/uploads\/2019\/05\/cabecera-CNA.png\" alt=\"\" width=\"6628\" height=\"1250\" srcset=\"http:\/\/www.medaid-h2020.eu\/wp-content\/uploads\/2019\/05\/cabecera-CNA.png 6628w, http:\/\/www.medaid-h2020.eu\/wp-content\/uploads\/2019\/05\/cabecera-CNA-300x57.png 300w, http:\/\/www.medaid-h2020.eu\/wp-content\/uploads\/2019\/05\/cabecera-CNA-768x145.png 768w, http:\/\/www.medaid-h2020.eu\/wp-content\/uploads\/2019\/05\/cabecera-CNA-1024x193.png 1024w\" sizes=\"(max-width: 6628px) 100vw, 6628px\" \/><\/p>\n<p><strong>Venue:<\/strong>\u00a0Cartagena, Spain<br \/>\n<strong>Date:<\/strong>\u00a07-10 May 2019<br \/>\n<strong>Web of the event:\u00a0<\/strong><a href=\"http:\/\/www.seacongresos.org\/\" target=\"_blank\" rel=\"noopener\">http:\/\/www.seacongresos.org\/<\/a><\/p>\n<hr \/>\n<p><strong>Evaluaci\u00f3n de las tipolog\u00edas empresariales acu\u00edcolas mediterr\u00e1neas y su adaptaci\u00f3n mediante la especializaci\u00f3n y el ajuste del tama\u00f1o<br \/>\n<\/strong>Crist\u00f3bal AGUILERA, Dolors FURONES, Anna SANJUAN, Carme REVERTER, Bernardo BASURCO<\/p>\n<table style=\"border: none; background: transparent;\">\n<tbody>\n<tr style=\"background: transparent;\">\n<td style=\"border: none;\">\n<p style=\"text-align: LEFT;\"><a href=\"http:\/\/www.medaid-h2020.eu\/wp-content\/uploads\/2019\/05\/O-66-Oral.pdf\" target=\"_blank\" rel=\"noopener\"><img loading=\"lazy\" class=\"alignleft wp-image-2111\" src=\"http:\/\/www.medaid-h2020.eu\/wp-content\/uploads\/2018\/04\/adobe-24943-274x300.png\" alt=\"adobe-24943\" width=\"37\" height=\"41\" srcset=\"http:\/\/www.medaid-h2020.eu\/wp-content\/uploads\/2018\/04\/adobe-24943-274x300.png 274w, http:\/\/www.medaid-h2020.eu\/wp-content\/uploads\/2018\/04\/adobe-24943-768x840.png 768w, http:\/\/www.medaid-h2020.eu\/wp-content\/uploads\/2018\/04\/adobe-24943-937x1024.png 937w, http:\/\/www.medaid-h2020.eu\/wp-content\/uploads\/2018\/04\/adobe-24943.png 1756w\" sizes=\"(max-width: 37px) 100vw, 37px\" \/><\/a><a href=\"http:\/\/www.medaid-h2020.eu\/wp-content\/uploads\/2019\/05\/O-66-Oral.pdf\" target=\"_blank\" rel=\"noopener\">Download the\u00a0abstract<\/a><\/p>\n<\/td>\n<td style=\"border: none;\">\n<p class=\"alignnone\" style=\"text-align: left;\"><a href=\"http:\/\/www.medaid-h2020.eu\/wp-content\/uploads\/2019\/05\/O-66-Oral-_-PowerPoint.pdf\" target=\"_blank\" rel=\"noopener\"><img loading=\"lazy\" class=\"alignleft wp-image-2111\" src=\"http:\/\/www.medaid-h2020.eu\/wp-content\/uploads\/2018\/04\/adobe-24943-274x300.png\" alt=\"adobe-24943\" width=\"37\" height=\"41\" srcset=\"http:\/\/www.medaid-h2020.eu\/wp-content\/uploads\/2018\/04\/adobe-24943-274x300.png 274w, http:\/\/www.medaid-h2020.eu\/wp-content\/uploads\/2018\/04\/adobe-24943-768x840.png 768w, http:\/\/www.medaid-h2020.eu\/wp-content\/uploads\/2018\/04\/adobe-24943-937x1024.png 937w, http:\/\/www.medaid-h2020.eu\/wp-content\/uploads\/2018\/04\/adobe-24943.png 1756w\" sizes=\"(max-width: 37px) 100vw, 37px\" \/><\/a><a href=\"http:\/\/www.medaid-h2020.eu\/wp-content\/uploads\/2019\/05\/O-66-Oral-_-PowerPoint.pdf\" target=\"_blank\" rel=\"noopener\">Download the\u00a0presentation<\/a><\/p>\n<\/td>\n<\/tr>\n<\/tbody>\n<\/table>\n<hr \/>\n<p><strong>Evaluaci\u00f3n del impacto ambiental de la producci\u00f3n de dorada y lubina en el mediterr\u00e1neo<br \/>\n<\/strong>Saioa RAMOS, Maite CIDAD,\u00a0 Cristobal AGUILERA<\/p>\n<table style=\"border: none; background: transparent;\">\n<tbody>\n<tr style=\"background: transparent;\">\n<td style=\"border: none;\">\n<p style=\"text-align: LEFT;\"><a href=\"http:\/\/www.medaid-h2020.eu\/wp-content\/uploads\/2019\/05\/O-67-Oral.pdf\" target=\"_blank\" rel=\"noopener\"><img loading=\"lazy\" class=\"alignleft wp-image-2111\" src=\"http:\/\/www.medaid-h2020.eu\/wp-content\/uploads\/2018\/04\/adobe-24943-274x300.png\" alt=\"adobe-24943\" width=\"37\" height=\"41\" srcset=\"http:\/\/www.medaid-h2020.eu\/wp-content\/uploads\/2018\/04\/adobe-24943-274x300.png 274w, http:\/\/www.medaid-h2020.eu\/wp-content\/uploads\/2018\/04\/adobe-24943-768x840.png 768w, http:\/\/www.medaid-h2020.eu\/wp-content\/uploads\/2018\/04\/adobe-24943-937x1024.png 937w, http:\/\/www.medaid-h2020.eu\/wp-content\/uploads\/2018\/04\/adobe-24943.png 1756w\" sizes=\"(max-width: 37px) 100vw, 37px\" \/><\/a><a href=\"http:\/\/www.medaid-h2020.eu\/wp-content\/uploads\/2019\/05\/O-67-Oral.pdf\" target=\"_blank\" rel=\"noopener\">Download the\u00a0abstract<\/a><\/p>\n<\/td>\n<td style=\"border: none;\">\n<p class=\"alignnone\" style=\"text-align: left;\"><a href=\"http:\/\/www.medaid-h2020.eu\/wp-content\/uploads\/2019\/05\/O-67-Oral-_-PowerPoint.pdf\" target=\"_blank\" rel=\"noopener\"><img loading=\"lazy\" class=\"alignleft wp-image-2111\" src=\"http:\/\/www.medaid-h2020.eu\/wp-content\/uploads\/2018\/04\/adobe-24943-274x300.png\" alt=\"adobe-24943\" width=\"37\" height=\"41\" srcset=\"http:\/\/www.medaid-h2020.eu\/wp-content\/uploads\/2018\/04\/adobe-24943-274x300.png 274w, http:\/\/www.medaid-h2020.eu\/wp-content\/uploads\/2018\/04\/adobe-24943-768x840.png 768w, http:\/\/www.medaid-h2020.eu\/wp-content\/uploads\/2018\/04\/adobe-24943-937x1024.png 937w, http:\/\/www.medaid-h2020.eu\/wp-content\/uploads\/2018\/04\/adobe-24943.png 1756w\" sizes=\"(max-width: 37px) 100vw, 37px\" \/><\/a><a href=\"http:\/\/www.medaid-h2020.eu\/wp-content\/uploads\/2019\/05\/O-67-Oral-_-PowerPoint.pdf\" target=\"_blank\" rel=\"noopener\">Download the\u00a0presentation<\/a><\/p>\n<\/td>\n<\/tr>\n<\/tbody>\n<\/table>\n<hr \/>\n<p><strong>Situaci\u00f3n sanitaria y bioseguridad del sector de la piscicultura marina en Espa\u00f1a<br \/>\n<\/strong>Ana MUNIESA, Bernardo BASURCO, Dolores FURONES, Cristobal AGUILERA, Ana SANJUAN, Carme REVERTE, Edgar BRUN, Saraya TAVORNPANICH<\/p>\n<table style=\"border: none; background: transparent;\">\n<tbody>\n<tr style=\"background: transparent;\">\n<td style=\"border: none;\">\n<p style=\"text-align: LEFT;\"><a href=\"http:\/\/www.medaid-h2020.eu\/wp-content\/uploads\/2019\/05\/O-68-Oral.pdf\" target=\"_blank\" rel=\"noopener\"><img loading=\"lazy\" class=\"alignleft wp-image-2111\" src=\"http:\/\/www.medaid-h2020.eu\/wp-content\/uploads\/2018\/04\/adobe-24943-274x300.png\" alt=\"adobe-24943\" width=\"37\" height=\"41\" srcset=\"http:\/\/www.medaid-h2020.eu\/wp-content\/uploads\/2018\/04\/adobe-24943-274x300.png 274w, http:\/\/www.medaid-h2020.eu\/wp-content\/uploads\/2018\/04\/adobe-24943-768x840.png 768w, http:\/\/www.medaid-h2020.eu\/wp-content\/uploads\/2018\/04\/adobe-24943-937x1024.png 937w, http:\/\/www.medaid-h2020.eu\/wp-content\/uploads\/2018\/04\/adobe-24943.png 1756w\" sizes=\"(max-width: 37px) 100vw, 37px\" \/><\/a><a href=\"http:\/\/www.medaid-h2020.eu\/wp-content\/uploads\/2019\/05\/O-68-Oral.pdf\" target=\"_blank\" rel=\"noopener\">Download the\u00a0abstract<\/a><\/p>\n<\/td>\n<td style=\"border: none;\">\n<p class=\"alignnone\" style=\"text-align: left;\"><a href=\"http:\/\/www.medaid-h2020.eu\/wp-content\/uploads\/2019\/05\/O-68-Oral-_-PowerPoint.pdf\" target=\"_blank\" rel=\"noopener\"><img loading=\"lazy\" class=\"alignleft wp-image-2111\" src=\"http:\/\/www.medaid-h2020.eu\/wp-content\/uploads\/2018\/04\/adobe-24943-274x300.png\" alt=\"adobe-24943\" width=\"37\" height=\"41\" srcset=\"http:\/\/www.medaid-h2020.eu\/wp-content\/uploads\/2018\/04\/adobe-24943-274x300.png 274w, http:\/\/www.medaid-h2020.eu\/wp-content\/uploads\/2018\/04\/adobe-24943-768x840.png 768w, http:\/\/www.medaid-h2020.eu\/wp-content\/uploads\/2018\/04\/adobe-24943-937x1024.png 937w, http:\/\/www.medaid-h2020.eu\/wp-content\/uploads\/2018\/04\/adobe-24943.png 1756w\" sizes=\"(max-width: 37px) 100vw, 37px\" \/><\/a><a href=\"http:\/\/www.medaid-h2020.eu\/wp-content\/uploads\/2019\/05\/O-68-Oral-_-PowerPoint.pdf\" target=\"_blank\" rel=\"noopener\">Download the\u00a0presentation<\/a><\/p>\n<\/td>\n<\/tr>\n<\/tbody>\n<\/table>\n<hr \/>\n<p><strong>Identificaci\u00f3n de las necesidades de mercado y productos de la acuicultura mediterr\u00e1nea<\/strong><br \/>\nElena SANTA CRUZ, Irene PERAL, Bego\u00f1a ALFARO, Karen BRUNS\u00d8, Violeta STANCU, Athanasios KRYSTALLIS, Luis GUERRERO, Anna CLARET<\/p>\n<table style=\"border: none; background: transparent;\">\n<tbody>\n<tr style=\"background: transparent;\">\n<td style=\"border: none;\">\n<p style=\"text-align: LEFT;\"><a href=\"http:\/\/www.medaid-h2020.eu\/wp-content\/uploads\/2019\/05\/O-69-Oral.pdf\" target=\"_blank\" rel=\"noopener\"><img loading=\"lazy\" class=\"alignleft wp-image-2111\" src=\"http:\/\/www.medaid-h2020.eu\/wp-content\/uploads\/2018\/04\/adobe-24943-274x300.png\" alt=\"adobe-24943\" width=\"37\" height=\"41\" srcset=\"http:\/\/www.medaid-h2020.eu\/wp-content\/uploads\/2018\/04\/adobe-24943-274x300.png 274w, http:\/\/www.medaid-h2020.eu\/wp-content\/uploads\/2018\/04\/adobe-24943-768x840.png 768w, http:\/\/www.medaid-h2020.eu\/wp-content\/uploads\/2018\/04\/adobe-24943-937x1024.png 937w, http:\/\/www.medaid-h2020.eu\/wp-content\/uploads\/2018\/04\/adobe-24943.png 1756w\" sizes=\"(max-width: 37px) 100vw, 37px\" \/><\/a><a href=\"http:\/\/www.medaid-h2020.eu\/wp-content\/uploads\/2019\/05\/O-69-Oral.pdf\" target=\"_blank\" rel=\"noopener\">Download the\u00a0abstract<\/a><\/p>\n<\/td>\n<td style=\"border: none;\">\n<p class=\"alignnone\" style=\"text-align: left;\"><a href=\"http:\/\/www.medaid-h2020.eu\/wp-content\/uploads\/2019\/05\/O-69-Oral-_-PowerPoint.pdf\" target=\"_blank\" rel=\"noopener\"><img loading=\"lazy\" class=\"alignleft wp-image-2111\" src=\"http:\/\/www.medaid-h2020.eu\/wp-content\/uploads\/2018\/04\/adobe-24943-274x300.png\" alt=\"adobe-24943\" width=\"37\" height=\"41\" srcset=\"http:\/\/www.medaid-h2020.eu\/wp-content\/uploads\/2018\/04\/adobe-24943-274x300.png 274w, http:\/\/www.medaid-h2020.eu\/wp-content\/uploads\/2018\/04\/adobe-24943-768x840.png 768w, http:\/\/www.medaid-h2020.eu\/wp-content\/uploads\/2018\/04\/adobe-24943-937x1024.png 937w, http:\/\/www.medaid-h2020.eu\/wp-content\/uploads\/2018\/04\/adobe-24943.png 1756w\" sizes=\"(max-width: 37px) 100vw, 37px\" \/><\/a><a href=\"http:\/\/www.medaid-h2020.eu\/wp-content\/uploads\/2019\/05\/O-69-Oral-_-PowerPoint.pdf\" target=\"_blank\" rel=\"noopener\">Download the\u00a0presentation<\/a><\/p>\n<\/td>\n<\/tr>\n<\/tbody>\n<\/table>\n<hr \/>\n<p><strong><br \/>\n<\/strong><strong>Dorada y Lubina de acuicultura mediterr\u00e1nea como materia prima de inter\u00e9s para la industria alimentaria<br \/>\n<\/strong>Raquel LLORENTE, Irene PERAL<\/p>\n<table style=\"border: none; background: transparent;\">\n<tbody>\n<tr style=\"background: transparent;\">\n<td style=\"border: none;\">\n<p style=\"text-align: LEFT;\"><a href=\"http:\/\/www.medaid-h2020.eu\/wp-content\/uploads\/2019\/05\/O-70-Oral.pdf\" target=\"_blank\" rel=\"noopener\"><img loading=\"lazy\" class=\"alignleft wp-image-2111\" src=\"http:\/\/www.medaid-h2020.eu\/wp-content\/uploads\/2018\/04\/adobe-24943-274x300.png\" alt=\"adobe-24943\" width=\"37\" height=\"41\" srcset=\"http:\/\/www.medaid-h2020.eu\/wp-content\/uploads\/2018\/04\/adobe-24943-274x300.png 274w, http:\/\/www.medaid-h2020.eu\/wp-content\/uploads\/2018\/04\/adobe-24943-768x840.png 768w, http:\/\/www.medaid-h2020.eu\/wp-content\/uploads\/2018\/04\/adobe-24943-937x1024.png 937w, http:\/\/www.medaid-h2020.eu\/wp-content\/uploads\/2018\/04\/adobe-24943.png 1756w\" sizes=\"(max-width: 37px) 100vw, 37px\" \/><\/a><a href=\"http:\/\/www.medaid-h2020.eu\/wp-content\/uploads\/2019\/05\/O-70-Oral.pdf\" target=\"_blank\" rel=\"noopener\">Download the\u00a0abstract<\/a><\/p>\n<\/td>\n<td style=\"border: none;\">\n<p class=\"alignnone\" style=\"text-align: left;\"><a href=\"http:\/\/www.medaid-h2020.eu\/wp-content\/uploads\/2019\/05\/O-70-Oral-_-PowerPoint.pdf\" target=\"_blank\" rel=\"noopener\"><img loading=\"lazy\" class=\"alignleft wp-image-2111\" src=\"http:\/\/www.medaid-h2020.eu\/wp-content\/uploads\/2018\/04\/adobe-24943-274x300.png\" alt=\"adobe-24943\" width=\"37\" height=\"41\" srcset=\"http:\/\/www.medaid-h2020.eu\/wp-content\/uploads\/2018\/04\/adobe-24943-274x300.png 274w, http:\/\/www.medaid-h2020.eu\/wp-content\/uploads\/2018\/04\/adobe-24943-768x840.png 768w, http:\/\/www.medaid-h2020.eu\/wp-content\/uploads\/2018\/04\/adobe-24943-937x1024.png 937w, http:\/\/www.medaid-h2020.eu\/wp-content\/uploads\/2018\/04\/adobe-24943.png 1756w\" sizes=\"(max-width: 37px) 100vw, 37px\" \/><\/a><a href=\"http:\/\/www.medaid-h2020.eu\/wp-content\/uploads\/2019\/05\/O-70-Oral-_-PowerPoint.pdf\" target=\"_blank\" rel=\"noopener\">Download the\u00a0presentation<\/a><\/p>\n<\/td>\n<\/tr>\n<\/tbody>\n<\/table>\n<hr \/>\n<p><strong>Optimizaci\u00f3n de las decisiones de alimentaci\u00f3n en empresas de producci\u00f3n de Dorada: Aplicaci\u00f3n de t\u00e9cnicas multicriterio y algoritmos gen\u00e9ticos<br \/>\n<\/strong>Manuel LUNA, Ignacio LLORENTE, \u00c1ngel COBO<\/p>\n<table style=\"border: none; background: transparent;\">\n<tbody>\n<tr style=\"background: transparent;\">\n<td style=\"border: none;\">\n<p style=\"text-align: LEFT;\"><a href=\"http:\/\/www.medaid-h2020.eu\/wp-content\/uploads\/2019\/05\/O-23-Oral.pdf\" target=\"_blank\" rel=\"noopener\"><img loading=\"lazy\" class=\"alignleft wp-image-2111\" src=\"http:\/\/www.medaid-h2020.eu\/wp-content\/uploads\/2018\/04\/adobe-24943-274x300.png\" alt=\"adobe-24943\" width=\"37\" height=\"41\" srcset=\"http:\/\/www.medaid-h2020.eu\/wp-content\/uploads\/2018\/04\/adobe-24943-274x300.png 274w, http:\/\/www.medaid-h2020.eu\/wp-content\/uploads\/2018\/04\/adobe-24943-768x840.png 768w, http:\/\/www.medaid-h2020.eu\/wp-content\/uploads\/2018\/04\/adobe-24943-937x1024.png 937w, http:\/\/www.medaid-h2020.eu\/wp-content\/uploads\/2018\/04\/adobe-24943.png 1756w\" sizes=\"(max-width: 37px) 100vw, 37px\" \/><\/a><a href=\"http:\/\/www.medaid-h2020.eu\/wp-content\/uploads\/2019\/05\/O-23-Oral.pdf\" target=\"_blank\" rel=\"noopener\">Download the\u00a0abstract<\/a><\/p>\n<\/td>\n<td style=\"border: none;\">\n<p class=\"alignnone\" style=\"text-align: left;\"><img loading=\"lazy\" class=\"alignleft wp-image-2111\" src=\"http:\/\/www.medaid-h2020.eu\/wp-content\/uploads\/2018\/04\/adobe-24943-274x300.png\" alt=\"adobe-24943\" width=\"37\" height=\"41\" srcset=\"http:\/\/www.medaid-h2020.eu\/wp-content\/uploads\/2018\/04\/adobe-24943-274x300.png 274w, http:\/\/www.medaid-h2020.eu\/wp-content\/uploads\/2018\/04\/adobe-24943-768x840.png 768w, http:\/\/www.medaid-h2020.eu\/wp-content\/uploads\/2018\/04\/adobe-24943-937x1024.png 937w, http:\/\/www.medaid-h2020.eu\/wp-content\/uploads\/2018\/04\/adobe-24943.png 1756w\" sizes=\"(max-width: 37px) 100vw, 37px\" \/>Download the\u00a0presentation<\/p>\n<\/td>\n<\/tr>\n<\/tbody>\n<\/table>\n<hr \/>\n<p><strong>Motivos de compra y consumo de pescado de acuicultura y productos derivados en Alemania, Espa\u00f1a y Francia<br \/>\n<\/strong>Luis GUERRERO, Laura L\u00d3PEZ-MAS, Anna CLARET, Karen BRUNS\u00d8, Violeta STANCU, Irene PERAL, Elena SANTA CRUZ, Bego\u00f1a ALFARO,\u00a0Athanasios KRYSTALLIS<\/p>\n<table style=\"border: none; background: transparent;\">\n<tbody>\n<tr style=\"background: transparent;\">\n<td style=\"border: none;\">\n<p style=\"text-align: LEFT;\"><a href=\"http:\/\/www.medaid-h2020.eu\/wp-content\/uploads\/2019\/05\/O-54-Oral.pdf\" target=\"_blank\" rel=\"noopener\"><img loading=\"lazy\" class=\"alignleft wp-image-2111\" src=\"http:\/\/www.medaid-h2020.eu\/wp-content\/uploads\/2018\/04\/adobe-24943-274x300.png\" alt=\"adobe-24943\" width=\"37\" height=\"41\" srcset=\"http:\/\/www.medaid-h2020.eu\/wp-content\/uploads\/2018\/04\/adobe-24943-274x300.png 274w, http:\/\/www.medaid-h2020.eu\/wp-content\/uploads\/2018\/04\/adobe-24943-768x840.png 768w, http:\/\/www.medaid-h2020.eu\/wp-content\/uploads\/2018\/04\/adobe-24943-937x1024.png 937w, http:\/\/www.medaid-h2020.eu\/wp-content\/uploads\/2018\/04\/adobe-24943.png 1756w\" sizes=\"(max-width: 37px) 100vw, 37px\" \/><\/a><a href=\"http:\/\/www.medaid-h2020.eu\/wp-content\/uploads\/2019\/05\/O-54-Oral.pdf\" target=\"_blank\" rel=\"noopener\">Download the\u00a0abstract<\/a><\/p>\n<\/td>\n<td style=\"border: none;\">\n<p class=\"alignnone\" style=\"text-align: left;\"><img loading=\"lazy\" class=\"alignleft wp-image-2111\" src=\"http:\/\/www.medaid-h2020.eu\/wp-content\/uploads\/2018\/04\/adobe-24943-274x300.png\" alt=\"adobe-24943\" width=\"37\" height=\"41\" srcset=\"http:\/\/www.medaid-h2020.eu\/wp-content\/uploads\/2018\/04\/adobe-24943-274x300.png 274w, http:\/\/www.medaid-h2020.eu\/wp-content\/uploads\/2018\/04\/adobe-24943-768x840.png 768w, http:\/\/www.medaid-h2020.eu\/wp-content\/uploads\/2018\/04\/adobe-24943-937x1024.png 937w, http:\/\/www.medaid-h2020.eu\/wp-content\/uploads\/2018\/04\/adobe-24943.png 1756w\" sizes=\"(max-width: 37px) 100vw, 37px\" \/>Download the\u00a0presentation<\/p>\n<\/td>\n<\/tr>\n<\/tbody>\n<\/table>\n<hr \/>\n<p><strong>Desarrollo de nuevos productos acu\u00edcolas: segmentaci\u00f3n de los consumidores europeos seg\u00fan sus estilos de vida en relaci\u00f3n con la alimentaci\u00f3n<br \/>\n<\/strong>Luis GUERRERO, Laura L\u00d3PEZ-MAS, Anna CLARET, Karen BRUNS\u00d8, Violeta STANCU, Irene PERAL, Elena SANTA CRUZ, Bego\u00f1a ALFARO,\u00a0Athanasios KRYSTALLIS<\/p>\n<table style=\"border: none; background: transparent;\">\n<tbody>\n<tr style=\"background: transparent;\">\n<td style=\"border: none;\">\n<p style=\"text-align: LEFT;\"><a href=\"http:\/\/www.medaid-h2020.eu\/wp-content\/uploads\/2019\/05\/O-55-Oral.pdf\" target=\"_blank\" rel=\"noopener\"><img loading=\"lazy\" class=\"alignleft wp-image-2111\" src=\"http:\/\/www.medaid-h2020.eu\/wp-content\/uploads\/2018\/04\/adobe-24943-274x300.png\" alt=\"adobe-24943\" width=\"37\" height=\"41\" srcset=\"http:\/\/www.medaid-h2020.eu\/wp-content\/uploads\/2018\/04\/adobe-24943-274x300.png 274w, http:\/\/www.medaid-h2020.eu\/wp-content\/uploads\/2018\/04\/adobe-24943-768x840.png 768w, http:\/\/www.medaid-h2020.eu\/wp-content\/uploads\/2018\/04\/adobe-24943-937x1024.png 937w, http:\/\/www.medaid-h2020.eu\/wp-content\/uploads\/2018\/04\/adobe-24943.png 1756w\" sizes=\"(max-width: 37px) 100vw, 37px\" \/><\/a><a href=\"http:\/\/www.medaid-h2020.eu\/wp-content\/uploads\/2019\/05\/O-55-Oral.pdf\" target=\"_blank\" rel=\"noopener\">Download the\u00a0abstract<\/a><\/p>\n<\/td>\n<td style=\"border: none;\">\n<p class=\"alignnone\" style=\"text-align: left;\"><img loading=\"lazy\" class=\"alignleft wp-image-2111\" src=\"http:\/\/www.medaid-h2020.eu\/wp-content\/uploads\/2018\/04\/adobe-24943-274x300.png\" alt=\"adobe-24943\" width=\"37\" height=\"41\" srcset=\"http:\/\/www.medaid-h2020.eu\/wp-content\/uploads\/2018\/04\/adobe-24943-274x300.png 274w, http:\/\/www.medaid-h2020.eu\/wp-content\/uploads\/2018\/04\/adobe-24943-768x840.png 768w, http:\/\/www.medaid-h2020.eu\/wp-content\/uploads\/2018\/04\/adobe-24943-937x1024.png 937w, http:\/\/www.medaid-h2020.eu\/wp-content\/uploads\/2018\/04\/adobe-24943.png 1756w\" sizes=\"(max-width: 37px) 100vw, 37px\" \/>Download the\u00a0presentation<\/p>\n<\/td>\n<\/tr>\n<\/tbody>\n<\/table>\n<hr \/>\n<p><strong>Innovaci\u00f3n colaborativa para el dise\u00f1o de nuevos productos de acuicultura desde la perspectiva de la cadena de valor<\/strong><br \/>\nSonia RIESCO, Irene PERAL, Irene GARC\u00cdA, Bego\u00f1a ALFARO, Karen BRUNS\u00d8, Violeta STANCU, Athanasios KRYSTALLIS, Luis GUERRERO, Anna CLARET, Elena SANTA CRUZ<\/p>\n<table style=\"border: none; background: transparent;\">\n<tbody>\n<tr style=\"background: transparent;\">\n<td style=\"border: none;\">\n<p style=\"text-align: LEFT;\"><a href=\"http:\/\/www.medaid-h2020.eu\/wp-content\/uploads\/2019\/05\/O-56-Oral.pdf\" target=\"_blank\" rel=\"noopener\"><img loading=\"lazy\" class=\"alignleft wp-image-2111\" src=\"http:\/\/www.medaid-h2020.eu\/wp-content\/uploads\/2018\/04\/adobe-24943-274x300.png\" alt=\"adobe-24943\" width=\"37\" height=\"41\" srcset=\"http:\/\/www.medaid-h2020.eu\/wp-content\/uploads\/2018\/04\/adobe-24943-274x300.png 274w, http:\/\/www.medaid-h2020.eu\/wp-content\/uploads\/2018\/04\/adobe-24943-768x840.png 768w, http:\/\/www.medaid-h2020.eu\/wp-content\/uploads\/2018\/04\/adobe-24943-937x1024.png 937w, http:\/\/www.medaid-h2020.eu\/wp-content\/uploads\/2018\/04\/adobe-24943.png 1756w\" sizes=\"(max-width: 37px) 100vw, 37px\" \/><\/a><a href=\"http:\/\/www.medaid-h2020.eu\/wp-content\/uploads\/2019\/05\/O-56-Oral.pdf\" target=\"_blank\" rel=\"noopener\">Download the\u00a0abstract<\/a><\/p>\n<\/td>\n<td style=\"border: none;\">\n<p class=\"alignnone\" style=\"text-align: left;\"><img loading=\"lazy\" class=\"alignleft wp-image-2111\" src=\"http:\/\/www.medaid-h2020.eu\/wp-content\/uploads\/2018\/04\/adobe-24943-274x300.png\" alt=\"adobe-24943\" width=\"37\" height=\"41\" srcset=\"http:\/\/www.medaid-h2020.eu\/wp-content\/uploads\/2018\/04\/adobe-24943-274x300.png 274w, http:\/\/www.medaid-h2020.eu\/wp-content\/uploads\/2018\/04\/adobe-24943-768x840.png 768w, http:\/\/www.medaid-h2020.eu\/wp-content\/uploads\/2018\/04\/adobe-24943-937x1024.png 937w, http:\/\/www.medaid-h2020.eu\/wp-content\/uploads\/2018\/04\/adobe-24943.png 1756w\" sizes=\"(max-width: 37px) 100vw, 37px\" \/>Download the\u00a0presentation<\/p>\n<\/td>\n<\/tr>\n<\/tbody>\n<\/table>\n<hr \/>\n<p><strong><br \/>\n<\/strong><strong>Efecto inmunomodulador de subproductos porcinos en dietas con alto nivel de sustituci\u00f3n de harina de pescado en dorada<br \/>\n<\/strong>Joana P. FIRMINO, Eva VALLEJOS-VIDAL, Karl B. ANDREE, Maria \u00c1ngeles ESTEBAN, Felipe E. REYES-L\u00d3PEZ, Ricardo SALOM\u00d3N, Carmen RODRIGUEZ, Javier POLO, Lluis TORT, Enric GISBERT<\/p>\n<table style=\"border: none; background: transparent;\">\n<tbody>\n<tr style=\"background: transparent;\">\n<td style=\"border: none;\">\n<p style=\"text-align: LEFT;\"><a href=\"http:\/\/www.medaid-h2020.eu\/wp-content\/uploads\/2019\/05\/P-032.pdf\" target=\"_blank\" rel=\"noopener\"><img loading=\"lazy\" class=\"alignleft wp-image-2111\" src=\"http:\/\/www.medaid-h2020.eu\/wp-content\/uploads\/2018\/04\/adobe-24943-274x300.png\" alt=\"adobe-24943\" width=\"37\" height=\"41\" srcset=\"http:\/\/www.medaid-h2020.eu\/wp-content\/uploads\/2018\/04\/adobe-24943-274x300.png 274w, http:\/\/www.medaid-h2020.eu\/wp-content\/uploads\/2018\/04\/adobe-24943-768x840.png 768w, http:\/\/www.medaid-h2020.eu\/wp-content\/uploads\/2018\/04\/adobe-24943-937x1024.png 937w, http:\/\/www.medaid-h2020.eu\/wp-content\/uploads\/2018\/04\/adobe-24943.png 1756w\" sizes=\"(max-width: 37px) 100vw, 37px\" \/><\/a><a href=\"http:\/\/www.medaid-h2020.eu\/wp-content\/uploads\/2019\/05\/P-032.pdf\" target=\"_blank\" rel=\"noopener\">Download the\u00a0abstract<\/a><\/p>\n<\/td>\n<td style=\"border: none;\">\n<p class=\"alignnone\" style=\"text-align: left;\"><img loading=\"lazy\" class=\"alignleft wp-image-2111\" src=\"http:\/\/www.medaid-h2020.eu\/wp-content\/uploads\/2018\/04\/adobe-24943-274x300.png\" alt=\"adobe-24943\" width=\"37\" height=\"41\" srcset=\"http:\/\/www.medaid-h2020.eu\/wp-content\/uploads\/2018\/04\/adobe-24943-274x300.png 274w, http:\/\/www.medaid-h2020.eu\/wp-content\/uploads\/2018\/04\/adobe-24943-768x840.png 768w, http:\/\/www.medaid-h2020.eu\/wp-content\/uploads\/2018\/04\/adobe-24943-937x1024.png 937w, http:\/\/www.medaid-h2020.eu\/wp-content\/uploads\/2018\/04\/adobe-24943.png 1756w\" sizes=\"(max-width: 37px) 100vw, 37px\" \/>Download the\u00a0presentation<\/p>\n<\/td>\n<\/tr>\n<\/tbody>\n<\/table>\n","protected":false},"excerpt":{"rendered":"<p>Venue:\u00a0Cartagena, Spain Date:\u00a07-10 May 2019 Web of the event:\u00a0http:\/\/www.seacongresos.org\/ Evaluaci\u00f3n de las tipolog\u00edas empresariales acu\u00edcolas mediterr\u00e1neas y su adaptaci\u00f3n mediante la especializaci\u00f3n y el ajuste del tama\u00f1o Crist\u00f3bal AGUILERA, Dolors FURONES, Anna SANJUAN, Carme REVERTER, Bernardo BASURCO Download the\u00a0abstract Download the\u00a0presentation Evaluaci\u00f3n del impacto ambiental de la producci\u00f3n de dorada y lubina en el mediterr\u00e1neo&hellip;<\/p>\n","protected":false},"author":3,"featured_media":0,"parent":0,"menu_order":0,"comment_status":"closed","ping_status":"closed","template":"","meta":[],"_links":{"self":[{"href":"http:\/\/www.medaid-h2020.eu\/index.php\/wp-json\/wp\/v2\/pages\/3152"}],"collection":[{"href":"http:\/\/www.medaid-h2020.eu\/index.php\/wp-json\/wp\/v2\/pages"}],"about":[{"href":"http:\/\/www.medaid-h2020.eu\/index.php\/wp-json\/wp\/v2\/types\/page"}],"author":[{"embeddable":true,"href":"http:\/\/www.medaid-h2020.eu\/index.php\/wp-json\/wp\/v2\/users\/3"}],"replies":[{"embeddable":true,"href":"http:\/\/www.medaid-h2020.eu\/index.php\/wp-json\/wp\/v2\/comments?post=3152"}],"version-history":[{"count":4,"href":"http:\/\/www.medaid-h2020.eu\/index.php\/wp-json\/wp\/v2\/pages\/3152\/revisions"}],"predecessor-version":[{"id":3181,"href":"http:\/\/www.medaid-h2020.eu\/index.php\/wp-json\/wp\/v2\/pages\/3152\/revisions\/3181"}],"wp:attachment":[{"href":"http:\/\/www.medaid-h2020.eu\/index.php\/wp-json\/wp\/v2\/media?parent=3152"}],"curies":[{"name":"wp","href":"https:\/\/api.w.org\/{rel}","templated":true}]}}