



{"id":3085,"date":"2019-03-12T16:45:59","date_gmt":"2019-03-12T15:45:59","guid":{"rendered":"http:\/\/www.medaid-h2020.eu\/?page_id=3085"},"modified":"2019-03-14T16:37:28","modified_gmt":"2019-03-14T15:37:28","slug":"aquaculture-2019","status":"publish","type":"page","link":"http:\/\/www.medaid-h2020.eu\/index.php\/aquaculture-2019\/","title":{"rendered":"Aquaculture 2019"},"content":{"rendered":"<p><img loading=\"lazy\" class=\"aligncenter wp-image-3090 size-full\" src=\"http:\/\/www.medaid-h2020.eu\/wp-content\/uploads\/2019\/03\/aqua-2019.jpg\" alt=\"\" width=\"1901\" height=\"617\" srcset=\"http:\/\/www.medaid-h2020.eu\/wp-content\/uploads\/2019\/03\/aqua-2019.jpg 1901w, http:\/\/www.medaid-h2020.eu\/wp-content\/uploads\/2019\/03\/aqua-2019-300x97.jpg 300w, http:\/\/www.medaid-h2020.eu\/wp-content\/uploads\/2019\/03\/aqua-2019-768x249.jpg 768w, http:\/\/www.medaid-h2020.eu\/wp-content\/uploads\/2019\/03\/aqua-2019-1024x332.jpg 1024w\" sizes=\"(max-width: 1901px) 100vw, 1901px\" \/><\/p>\n<p><strong>Venue:<\/strong> New Orleans, USA<br \/>\n<strong>Date:<\/strong>\u00a07-11 March 2019<br \/>\n<strong>Web of the event:<\/strong>\u00a0<a href=\"https:\/\/www.was.org\/meeting\/code\/AQ2019\" target=\"_blank\" rel=\"noopener\">https:\/\/www.was.org\/meeting\/code\/AQ2019<\/a><\/p>\n<p><strong>Demand and price dynamics in the seabass and seabream international market<\/strong><strong><br \/>\n<\/strong>Jos\u00e9 FERN\u00c1NDEZ POLANCO, Ignacio LLORENTE, Jos\u00e9 Luis FERN\u00c1NDEZ, Trond BJORNDAL, Lamprakis AVELAS, Mar\u00eda COZZOLINO<strong><br \/>\n<\/strong><\/p>\n<p class=\"alignnone\"><strong>Abstract:<br \/>\n<\/strong>The market has evolved in a cyclical way since its beginning in 1980\u2019s. A period of increases in quantities and relatively stable price equilibrium persisted until late 90\u2019s when uncontrolled increases in supply caused the fall of prices in the international market. The market for seabass and seabream is concentrated in the Mediterranean and surrounding countries. Turkey and Greece are the main producers and exporters. Spain and Italy have also relevant volumes of domestic production, but it is not enough for satisfying the internal demand. Other relevant markets in terms of demand are France, Portugal, the UK and Germany. A cointegrating model using prices and quantities on external trade flows is used to explore the dynamics of competition across countries and substitution across products. The model is tested in 6 different countries considering demand and supply in external trade covering the last decade. Demand was found to be elastic, while supply is more inelastic. As consequence price volatility is high in a market in which Greece and Turkey dominate price competition.<\/p>\n<p class=\"alignnone\"><a href=\"http:\/\/www.medaid-h2020.eu\/wp-content\/uploads\/2019\/03\/NOLA.pdf\" target=\"_blank\" rel=\"noopener\"><img loading=\"lazy\" class=\"wp-image-2111 alignleft\" src=\"http:\/\/www.medaid-h2020.eu\/wp-content\/uploads\/2018\/04\/adobe-24943-274x300.png\" alt=\"adobe-24943\" width=\"37\" height=\"41\" srcset=\"http:\/\/www.medaid-h2020.eu\/wp-content\/uploads\/2018\/04\/adobe-24943-274x300.png 274w, http:\/\/www.medaid-h2020.eu\/wp-content\/uploads\/2018\/04\/adobe-24943-768x840.png 768w, http:\/\/www.medaid-h2020.eu\/wp-content\/uploads\/2018\/04\/adobe-24943-937x1024.png 937w, http:\/\/www.medaid-h2020.eu\/wp-content\/uploads\/2018\/04\/adobe-24943.png 1756w\" sizes=\"(max-width: 37px) 100vw, 37px\" \/><\/a><a href=\"http:\/\/www.medaid-h2020.eu\/wp-content\/uploads\/2019\/03\/NOLA.pdf\" target=\"_blank\" rel=\"noopener\">Download the abstract<\/a><\/p>\n<hr \/>\n<p><strong>Technical efficiency of sea bass and sea bream production of european aquaculture firms<\/strong><strong><br \/>\n<\/strong>Jos\u00e9 Luis FERN\u00c1NDEZ S\u00c1NCHEZ,<sup>*<\/sup> Jos\u00e9 Manuel FERN\u00c1NDEZ POLANCO, Ignacio LLORENTE GARC\u00cdA, Manuel LUNA GARC\u00cdA, Elisa BARAIBAR DIEZ, Mar\u00eda Dolores ODRIOZOLA ZAMANILLO, and Ladislao LUNA SOTORR\u00cdO<\/p>\n<p><strong>Abstract:<br \/>\n<\/strong>European sea bass (<em>Dicentrarchus labrax<\/em>) and gilthead sea bream (<em>Sparus aurata<\/em>) are both an economically important cultured fish species along the Mediterranean coast. The EU is one of the largest producers of sea bass and sea bream in the world, being Greece the largest producer within the EU followed by Spain. In the last decade, European producers of cultured sea bass and sea bream in the Mediterranean Sea have had to compete strongly among them as well as with Turkish producers to be competitive. One important factor of economic competitiveness is to be productive or technical efficient. Efficiency studies on aquaculture are relatively few compared with other industries and they are focused mainly on no European countries. Further, the identification of the factors that determine aquaculture firms\u2019 productivity is also an important issue to propose managerial decisions in the sector.<\/p>\n<table style=\"border: none; background: transparent;\">\n<tbody>\n<tr style=\"background: transparent;\">\n<td style=\"border: none;\">\n<p style=\"text-align: LEFT;\"><a href=\"http:\/\/www.medaid-h2020.eu\/wp-content\/uploads\/2019\/03\/Abstract-1-for-New-Orleans-conference-JLFS.pdf\" target=\"_blank\" rel=\"noopener\"><img loading=\"lazy\" class=\"alignleft wp-image-2111\" src=\"http:\/\/www.medaid-h2020.eu\/wp-content\/uploads\/2018\/04\/adobe-24943-274x300.png\" alt=\"adobe-24943\" width=\"37\" height=\"41\" srcset=\"http:\/\/www.medaid-h2020.eu\/wp-content\/uploads\/2018\/04\/adobe-24943-274x300.png 274w, http:\/\/www.medaid-h2020.eu\/wp-content\/uploads\/2018\/04\/adobe-24943-768x840.png 768w, http:\/\/www.medaid-h2020.eu\/wp-content\/uploads\/2018\/04\/adobe-24943-937x1024.png 937w, http:\/\/www.medaid-h2020.eu\/wp-content\/uploads\/2018\/04\/adobe-24943.png 1756w\" sizes=\"(max-width: 37px) 100vw, 37px\" \/><\/a><a href=\"http:\/\/www.medaid-h2020.eu\/wp-content\/uploads\/2019\/03\/Abstract-1-for-New-Orleans-conference-JLFS.pdf\" target=\"_blank\" rel=\"noopener\">Download the\u00a0abstract<\/a><\/p>\n<\/td>\n<td style=\"border: none;\">\n<p class=\"alignnone\" style=\"text-align: left;\"><a href=\"http:\/\/www.medaid-h2020.eu\/wp-content\/uploads\/2019\/03\/Ferna\u0301ndez-Sanchez_1337_69-2-presentation.pdf\" target=\"_blank\" rel=\"noopener\"><img loading=\"lazy\" class=\"alignleft wp-image-2111\" src=\"http:\/\/www.medaid-h2020.eu\/wp-content\/uploads\/2018\/04\/adobe-24943-274x300.png\" alt=\"adobe-24943\" width=\"37\" height=\"41\" srcset=\"http:\/\/www.medaid-h2020.eu\/wp-content\/uploads\/2018\/04\/adobe-24943-274x300.png 274w, http:\/\/www.medaid-h2020.eu\/wp-content\/uploads\/2018\/04\/adobe-24943-768x840.png 768w, http:\/\/www.medaid-h2020.eu\/wp-content\/uploads\/2018\/04\/adobe-24943-937x1024.png 937w, http:\/\/www.medaid-h2020.eu\/wp-content\/uploads\/2018\/04\/adobe-24943.png 1756w\" sizes=\"(max-width: 37px) 100vw, 37px\" \/><\/a><a href=\"http:\/\/www.medaid-h2020.eu\/wp-content\/uploads\/2019\/03\/Ferna\u0301ndez-Sanchez_1337_69-2-presentation.pdf\" target=\"_blank\" rel=\"noopener\">Download the\u00a0presentation<\/a><\/p>\n<\/td>\n<\/tr>\n<\/tbody>\n<\/table>\n<hr \/>\n<p>You can see all the session abstracts here:<br \/>\n<a href=\"https:\/\/www.was.org\/meetings\/SessionAbstracts.aspx?Code=aq2019&amp;Session=65\" target=\"_blank\" rel=\"noopener\">Economics and Marketing \u2013 Part 1<\/a>\u00a0 \u00a0 \u00a0 \/\u00a0 \u00a0 \u00a0 <a href=\"https:\/\/www.was.org\/meetings\/SessionAbstracts.aspx?Code=aq2019&amp;Session=69\" target=\"_blank\" rel=\"noopener\">Economics and Marketing \u2013 Part 2<\/a><\/p>\n","protected":false},"excerpt":{"rendered":"<p>Venue: New Orleans, USA Date:\u00a07-11 March 2019 Web of the event:\u00a0https:\/\/www.was.org\/meeting\/code\/AQ2019 Demand and price dynamics in the seabass and seabream international market Jos\u00e9 FERN\u00c1NDEZ POLANCO, Ignacio LLORENTE, Jos\u00e9 Luis FERN\u00c1NDEZ, Trond BJORNDAL, Lamprakis AVELAS, Mar\u00eda COZZOLINO Abstract: The market has evolved in a cyclical way since its beginning in 1980\u2019s. A period of increases in&hellip;<\/p>\n","protected":false},"author":3,"featured_media":0,"parent":0,"menu_order":0,"comment_status":"closed","ping_status":"closed","template":"","meta":[],"_links":{"self":[{"href":"http:\/\/www.medaid-h2020.eu\/index.php\/wp-json\/wp\/v2\/pages\/3085"}],"collection":[{"href":"http:\/\/www.medaid-h2020.eu\/index.php\/wp-json\/wp\/v2\/pages"}],"about":[{"href":"http:\/\/www.medaid-h2020.eu\/index.php\/wp-json\/wp\/v2\/types\/page"}],"author":[{"embeddable":true,"href":"http:\/\/www.medaid-h2020.eu\/index.php\/wp-json\/wp\/v2\/users\/3"}],"replies":[{"embeddable":true,"href":"http:\/\/www.medaid-h2020.eu\/index.php\/wp-json\/wp\/v2\/comments?post=3085"}],"version-history":[{"count":7,"href":"http:\/\/www.medaid-h2020.eu\/index.php\/wp-json\/wp\/v2\/pages\/3085\/revisions"}],"predecessor-version":[{"id":3100,"href":"http:\/\/www.medaid-h2020.eu\/index.php\/wp-json\/wp\/v2\/pages\/3085\/revisions\/3100"}],"wp:attachment":[{"href":"http:\/\/www.medaid-h2020.eu\/index.php\/wp-json\/wp\/v2\/media?parent=3085"}],"curies":[{"name":"wp","href":"https:\/\/api.w.org\/{rel}","templated":true}]}}